{"id":7362,"date":"2026-03-23T13:57:51","date_gmt":"2026-03-23T12:57:51","guid":{"rendered":"https:\/\/baghall.se\/?post_type=product&#038;p=7362"},"modified":"2026-03-23T13:58:22","modified_gmt":"2026-03-23T12:58:22","slug":"baghall-antrachite-grey-kopia-kopia-kopia-kopia-kopia","status":"publish","type":"product","link":"https:\/\/baghall.se\/en\/produkt\/baghall-antrachite-grey-kopia-kopia-kopia-kopia-kopia\/","title":{"rendered":"B\u00e5ghall Antrachite Grey (kopia) (kopia) (kopia) (kopia) (kopia)"},"content":{"rendered":"<p><img loading=\"lazy\" decoding=\"async\" title=\"Made in sweden\" src=\"http:\/\/baghall.se\/wp-content\/uploads\/2023\/05\/Made-in-sweden.png\" alt=\"Made in sweden\" width=\"118\" height=\"118\" class=\"alignnone wp-image-6126\" srcset=\"https:\/\/baghall.se\/wp-content\/uploads\/2023\/05\/Made-in-sweden-600x600.png 600w, https:\/\/baghall.se\/wp-content\/uploads\/2023\/05\/Made-in-sweden-100x100.png 100w, https:\/\/baghall.se\/wp-content\/uploads\/2023\/05\/Made-in-sweden-150x150.png 150w, https:\/\/baghall.se\/wp-content\/uploads\/2023\/05\/Made-in-sweden-300x300.png 300w, https:\/\/baghall.se\/wp-content\/uploads\/2023\/05\/Made-in-sweden-768x768.png 768w, https:\/\/baghall.se\/wp-content\/uploads\/2023\/05\/Made-in-sweden-1024x1024.png 1024w\" sizes=\"auto, (max-width: 118px) 100vw, 118px\" \/><\/p>\n<p>Swedish-made moveable huts with an appealing exterior design that create a spacious, well-lit, and user-friendly area \u2013 every square meter can be efficiently utilized thanks to the unique shape of these huts.<\/p>\n<p>These huts are of the freestanding type, meaning no additional frame or structure needs to be assembled. High-profile sheets are securely fastened together, and assembling them typically takes no longer than half a day for two people. <span>We recommend all our customers who keep animals directly in these moveable huts to complement with our protective enclosure package with plywood boards. This is to protect the hall and\/or the animals from possible kicks.<\/span><\/p>\n<p>The moveable huts are bolted onto a hot-dip galvanized base construction. Integrated fasteners for fork attachments make relocation within the paddock or pasture a breeze. They work excellently as wind shelters or resting areas for horses, cattle, and sheep.<\/p>\n<p>These huts are manufactured in our workshop in Lidk\u00f6ping and can be shipped anywhere in Sweden. Our moveable huts come in three color options: red, green, and anthracite gray.<\/p>\n<p>A standard moveable hut has the following dimensions (including 1 gable end):<\/p>\n<table border=\"1\" style=\"border-collapse: collapse; width: 100%;\">\n<tbody>\n<tr>\n<td style=\"width: 50%;\">Width<\/td>\n<td style=\"width: 50%;\">4,2 meters<\/td>\n<\/tr>\n<tr>\n<td style=\"width: 50%;\">Length<\/td>\n<td style=\"width: 50%;\">5,5 meters<\/td>\n<\/tr>\n<tr>\n<td style=\"width: 50%;\">Height<\/td>\n<td style=\"width: 50%;\">3,2 meters<\/td>\n<\/tr>\n<tr>\n<td style=\"width: 50%;\">Weight<\/td>\n<td style=\"width: 50%;\">700 kilograms<\/td>\n<\/tr>\n<\/tbody>\n<\/table>\n<p>The moveable huts can easily be extended with our extension sections. Each section represents a 1.3-meter extension and can be installed in either the front or rear position of the hut. There is no limit to the number of extensions per hut, although it will affect the ease of moving the hut.<\/p>\n<p>Please note that our extension sections must be ordered separately.<\/p>\n<p>Packaging is not included.<\/p>\n","protected":false},"excerpt":{"rendered":"<p>Swedish-made moveable huts with an appealing exterior design that create a spacious, well-lit, and user-friendly area \u2013 every square meter can be efficiently utilized thanks to the unique shape of these huts. These huts are of the freestanding type, meaning no additional frame or structure needs to be assembled. High-profile sheets are securely fastened together, [&hellip;]<\/p>\n","protected":false},"featured_media":6549,"comment_status":"closed","ping_status":"closed","template":"","meta":{"_acf_changed":false,"inline_featured_image":false},"product_brand":[],"product_cat":[191,192,193,194,195,196],"product_tag":[],"class_list":{"0":"post-7362","1":"product","2":"type-product","3":"status-publish","4":"has-post-thumbnail","6":"product_cat-sheep","7":"product_cat-hast-en","8":"product_cat-not-en","9":"product_cat-garage-en","10":"product_cat-husbil-husvagn-en","11":"product_cat-baghall-en","12":"product_shipping_class-stor","14":"first","15":"instock","16":"taxable","17":"shipping-taxable","18":"purchasable","19":"product-type-simple"},"acf":[],"yoast_head":"<!-- This site is optimized with the Yoast SEO plugin v26.8 - https:\/\/yoast.com\/product\/yoast-seo-wordpress\/ -->\n<title>B\u00e5ghall Antrachite Grey (kopia) (kopia) (kopia) (kopia) (kopia) - B\u00e5ghall<\/title>\n<meta name=\"robots\" content=\"index, follow, max-snippet:-1, max-image-preview:large, max-video-preview:-1\" \/>\n<link rel=\"canonical\" href=\"https:\/\/baghall.se\/en\/produkt\/baghall-antrachite-grey-kopia-kopia-kopia-kopia-kopia\/\" \/>\n<meta property=\"og:locale\" content=\"en_US\" \/>\n<meta property=\"og:type\" content=\"article\" \/>\n<meta property=\"og:title\" content=\"B\u00e5ghall Antrachite Grey (kopia) (kopia) (kopia) (kopia) (kopia) - B\u00e5ghall\" \/>\n<meta property=\"og:description\" content=\"Swedish-made moveable huts with an appealing exterior design that create a spacious, well-lit, and user-friendly area \u2013 every square meter can be efficiently utilized thanks to the unique shape of these huts. These huts are of the freestanding type, meaning no additional frame or structure needs to be assembled. High-profile sheets are securely fastened together, [&hellip;]\" \/>\n<meta property=\"og:url\" content=\"https:\/\/baghall.se\/en\/produkt\/baghall-antrachite-grey-kopia-kopia-kopia-kopia-kopia\/\" \/>\n<meta property=\"og:site_name\" content=\"B\u00e5ghall\" \/>\n<meta property=\"article:publisher\" content=\"https:\/\/www.facebook.com\/furabfodersystem\/\" \/>\n<meta property=\"article:modified_time\" content=\"2026-03-23T12:58:22+00:00\" \/>\n<meta property=\"og:image\" content=\"http:\/\/baghall.se\/wp-content\/uploads\/2023\/12\/mfr_0509-4-gron-scaled.jpg\" \/>\n\t<meta property=\"og:image:width\" content=\"2560\" \/>\n\t<meta property=\"og:image:height\" content=\"1708\" \/>\n\t<meta property=\"og:image:type\" content=\"image\/jpeg\" \/>\n<meta name=\"twitter:card\" content=\"summary_large_image\" \/>\n<meta name=\"twitter:label1\" content=\"Est. reading time\" \/>\n\t<meta name=\"twitter:data1\" content=\"2 minutes\" \/>\n<script type=\"application\/ld+json\" class=\"yoast-schema-graph\">{\"@context\":\"https:\/\/schema.org\",\"@graph\":[{\"@type\":\"WebPage\",\"@id\":\"https:\/\/baghall.se\/en\/produkt\/baghall-antrachite-grey-kopia-kopia-kopia-kopia-kopia\/\",\"url\":\"https:\/\/baghall.se\/en\/produkt\/baghall-antrachite-grey-kopia-kopia-kopia-kopia-kopia\/\",\"name\":\"B\u00e5ghall Antrachite Grey (kopia) (kopia) (kopia) (kopia) (kopia) - B\u00e5ghall\",\"isPartOf\":{\"@id\":\"https:\/\/baghall.se\/en\/#website\"},\"primaryImageOfPage\":{\"@id\":\"https:\/\/baghall.se\/en\/produkt\/baghall-antrachite-grey-kopia-kopia-kopia-kopia-kopia\/#primaryimage\"},\"image\":{\"@id\":\"https:\/\/baghall.se\/en\/produkt\/baghall-antrachite-grey-kopia-kopia-kopia-kopia-kopia\/#primaryimage\"},\"thumbnailUrl\":\"https:\/\/baghall.se\/wp-content\/uploads\/2023\/12\/mfr_0509-4-gron-scaled.jpg\",\"datePublished\":\"2026-03-23T12:57:51+00:00\",\"dateModified\":\"2026-03-23T12:58:22+00:00\",\"breadcrumb\":{\"@id\":\"https:\/\/baghall.se\/en\/produkt\/baghall-antrachite-grey-kopia-kopia-kopia-kopia-kopia\/#breadcrumb\"},\"inLanguage\":\"en-US\",\"potentialAction\":[{\"@type\":\"ReadAction\",\"target\":[\"https:\/\/baghall.se\/en\/produkt\/baghall-antrachite-grey-kopia-kopia-kopia-kopia-kopia\/\"]}]},{\"@type\":\"ImageObject\",\"inLanguage\":\"en-US\",\"@id\":\"https:\/\/baghall.se\/en\/produkt\/baghall-antrachite-grey-kopia-kopia-kopia-kopia-kopia\/#primaryimage\",\"url\":\"https:\/\/baghall.se\/wp-content\/uploads\/2023\/12\/mfr_0509-4-gron-scaled.jpg\",\"contentUrl\":\"https:\/\/baghall.se\/wp-content\/uploads\/2023\/12\/mfr_0509-4-gron-scaled.jpg\",\"width\":2560,\"height\":1708},{\"@type\":\"BreadcrumbList\",\"@id\":\"https:\/\/baghall.se\/en\/produkt\/baghall-antrachite-grey-kopia-kopia-kopia-kopia-kopia\/#breadcrumb\",\"itemListElement\":[{\"@type\":\"ListItem\",\"position\":1,\"name\":\"Home\",\"item\":\"https:\/\/baghall.se\/en\/\"},{\"@type\":\"ListItem\",\"position\":2,\"name\":\"Shop\",\"item\":\"https:\/\/baghall.se\/en\/shop\/\"},{\"@type\":\"ListItem\",\"position\":3,\"name\":\"B\u00e5ghall Antrachite Grey (kopia) (kopia) (kopia) (kopia) (kopia)\"}]},{\"@type\":\"WebSite\",\"@id\":\"https:\/\/baghall.se\/en\/#website\",\"url\":\"https:\/\/baghall.se\/en\/\",\"name\":\"B\u00e5ghall\",\"description\":\"Flyttbara vindskydd f\u00f6r n\u00f6t, h\u00e4st och f\u00e5r\",\"publisher\":{\"@id\":\"https:\/\/baghall.se\/en\/#organization\"},\"potentialAction\":[{\"@type\":\"SearchAction\",\"target\":{\"@type\":\"EntryPoint\",\"urlTemplate\":\"https:\/\/baghall.se\/en\/?s={search_term_string}\"},\"query-input\":{\"@type\":\"PropertyValueSpecification\",\"valueRequired\":true,\"valueName\":\"search_term_string\"}}],\"inLanguage\":\"en-US\"},{\"@type\":\"Organization\",\"@id\":\"https:\/\/baghall.se\/en\/#organization\",\"name\":\"Furab AB\",\"url\":\"https:\/\/baghall.se\/en\/\",\"logo\":{\"@type\":\"ImageObject\",\"inLanguage\":\"en-US\",\"@id\":\"https:\/\/baghall.se\/en\/#\/schema\/logo\/image\/\",\"url\":\"http:\/\/baghall.se\/wp-content\/uploads\/2020\/01\/FURAB-AB.png\",\"contentUrl\":\"http:\/\/baghall.se\/wp-content\/uploads\/2020\/01\/FURAB-AB.png\",\"width\":2047,\"height\":632,\"caption\":\"Furab AB\"},\"image\":{\"@id\":\"https:\/\/baghall.se\/en\/#\/schema\/logo\/image\/\"},\"sameAs\":[\"https:\/\/www.facebook.com\/furabfodersystem\/\"]}]}<\/script>\n<!-- \/ Yoast SEO plugin. -->","yoast_head_json":{"title":"B\u00e5ghall Antrachite Grey (kopia) (kopia) (kopia) (kopia) (kopia) - B\u00e5ghall","robots":{"index":"index","follow":"follow","max-snippet":"max-snippet:-1","max-image-preview":"max-image-preview:large","max-video-preview":"max-video-preview:-1"},"canonical":"https:\/\/baghall.se\/en\/produkt\/baghall-antrachite-grey-kopia-kopia-kopia-kopia-kopia\/","og_locale":"en_US","og_type":"article","og_title":"B\u00e5ghall Antrachite Grey (kopia) (kopia) (kopia) (kopia) (kopia) - B\u00e5ghall","og_description":"Swedish-made moveable huts with an appealing exterior design that create a spacious, well-lit, and user-friendly area \u2013 every square meter can be efficiently utilized thanks to the unique shape of these huts. These huts are of the freestanding type, meaning no additional frame or structure needs to be assembled. High-profile sheets are securely fastened together, [&hellip;]","og_url":"https:\/\/baghall.se\/en\/produkt\/baghall-antrachite-grey-kopia-kopia-kopia-kopia-kopia\/","og_site_name":"B\u00e5ghall","article_publisher":"https:\/\/www.facebook.com\/furabfodersystem\/","article_modified_time":"2026-03-23T12:58:22+00:00","og_image":[{"width":2560,"height":1708,"url":"http:\/\/baghall.se\/wp-content\/uploads\/2023\/12\/mfr_0509-4-gron-scaled.jpg","type":"image\/jpeg"}],"twitter_card":"summary_large_image","twitter_misc":{"Est. reading time":"2 minutes"},"schema":{"@context":"https:\/\/schema.org","@graph":[{"@type":"WebPage","@id":"https:\/\/baghall.se\/en\/produkt\/baghall-antrachite-grey-kopia-kopia-kopia-kopia-kopia\/","url":"https:\/\/baghall.se\/en\/produkt\/baghall-antrachite-grey-kopia-kopia-kopia-kopia-kopia\/","name":"B\u00e5ghall Antrachite Grey (kopia) (kopia) (kopia) (kopia) (kopia) - B\u00e5ghall","isPartOf":{"@id":"https:\/\/baghall.se\/en\/#website"},"primaryImageOfPage":{"@id":"https:\/\/baghall.se\/en\/produkt\/baghall-antrachite-grey-kopia-kopia-kopia-kopia-kopia\/#primaryimage"},"image":{"@id":"https:\/\/baghall.se\/en\/produkt\/baghall-antrachite-grey-kopia-kopia-kopia-kopia-kopia\/#primaryimage"},"thumbnailUrl":"https:\/\/baghall.se\/wp-content\/uploads\/2023\/12\/mfr_0509-4-gron-scaled.jpg","datePublished":"2026-03-23T12:57:51+00:00","dateModified":"2026-03-23T12:58:22+00:00","breadcrumb":{"@id":"https:\/\/baghall.se\/en\/produkt\/baghall-antrachite-grey-kopia-kopia-kopia-kopia-kopia\/#breadcrumb"},"inLanguage":"en-US","potentialAction":[{"@type":"ReadAction","target":["https:\/\/baghall.se\/en\/produkt\/baghall-antrachite-grey-kopia-kopia-kopia-kopia-kopia\/"]}]},{"@type":"ImageObject","inLanguage":"en-US","@id":"https:\/\/baghall.se\/en\/produkt\/baghall-antrachite-grey-kopia-kopia-kopia-kopia-kopia\/#primaryimage","url":"https:\/\/baghall.se\/wp-content\/uploads\/2023\/12\/mfr_0509-4-gron-scaled.jpg","contentUrl":"https:\/\/baghall.se\/wp-content\/uploads\/2023\/12\/mfr_0509-4-gron-scaled.jpg","width":2560,"height":1708},{"@type":"BreadcrumbList","@id":"https:\/\/baghall.se\/en\/produkt\/baghall-antrachite-grey-kopia-kopia-kopia-kopia-kopia\/#breadcrumb","itemListElement":[{"@type":"ListItem","position":1,"name":"Home","item":"https:\/\/baghall.se\/en\/"},{"@type":"ListItem","position":2,"name":"Shop","item":"https:\/\/baghall.se\/en\/shop\/"},{"@type":"ListItem","position":3,"name":"B\u00e5ghall Antrachite Grey (kopia) (kopia) (kopia) (kopia) (kopia)"}]},{"@type":"WebSite","@id":"https:\/\/baghall.se\/en\/#website","url":"https:\/\/baghall.se\/en\/","name":"B\u00e5ghall","description":"Flyttbara vindskydd f\u00f6r n\u00f6t, h\u00e4st och f\u00e5r","publisher":{"@id":"https:\/\/baghall.se\/en\/#organization"},"potentialAction":[{"@type":"SearchAction","target":{"@type":"EntryPoint","urlTemplate":"https:\/\/baghall.se\/en\/?s={search_term_string}"},"query-input":{"@type":"PropertyValueSpecification","valueRequired":true,"valueName":"search_term_string"}}],"inLanguage":"en-US"},{"@type":"Organization","@id":"https:\/\/baghall.se\/en\/#organization","name":"Furab AB","url":"https:\/\/baghall.se\/en\/","logo":{"@type":"ImageObject","inLanguage":"en-US","@id":"https:\/\/baghall.se\/en\/#\/schema\/logo\/image\/","url":"http:\/\/baghall.se\/wp-content\/uploads\/2020\/01\/FURAB-AB.png","contentUrl":"http:\/\/baghall.se\/wp-content\/uploads\/2020\/01\/FURAB-AB.png","width":2047,"height":632,"caption":"Furab AB"},"image":{"@id":"https:\/\/baghall.se\/en\/#\/schema\/logo\/image\/"},"sameAs":["https:\/\/www.facebook.com\/furabfodersystem\/"]}]}},"jetpack_sharing_enabled":true,"_links":{"self":[{"href":"https:\/\/baghall.se\/en\/wp-json\/wp\/v2\/product\/7362","targetHints":{"allow":["GET"]}}],"collection":[{"href":"https:\/\/baghall.se\/en\/wp-json\/wp\/v2\/product"}],"about":[{"href":"https:\/\/baghall.se\/en\/wp-json\/wp\/v2\/types\/product"}],"replies":[{"embeddable":true,"href":"https:\/\/baghall.se\/en\/wp-json\/wp\/v2\/comments?post=7362"}],"wp:featuredmedia":[{"embeddable":true,"href":"https:\/\/baghall.se\/en\/wp-json\/wp\/v2\/media\/6549"}],"wp:attachment":[{"href":"https:\/\/baghall.se\/en\/wp-json\/wp\/v2\/media?parent=7362"}],"wp:term":[{"taxonomy":"product_brand","embeddable":true,"href":"https:\/\/baghall.se\/en\/wp-json\/wp\/v2\/product_brand?post=7362"},{"taxonomy":"product_cat","embeddable":true,"href":"https:\/\/baghall.se\/en\/wp-json\/wp\/v2\/product_cat?post=7362"},{"taxonomy":"product_tag","embeddable":true,"href":"https:\/\/baghall.se\/en\/wp-json\/wp\/v2\/product_tag?post=7362"}],"curies":[{"name":"wp","href":"https:\/\/api.w.org\/{rel}","templated":true}]}}