{"id":7303,"date":"2026-01-23T11:01:56","date_gmt":"2026-01-23T10:01:56","guid":{"rendered":"https:\/\/baghall.se\/?post_type=product&#038;p=7303"},"modified":"2026-01-23T11:02:57","modified_gmt":"2026-01-23T10:02:57","slug":"baghall-red-gate-package-kopia","status":"publish","type":"product","link":"https:\/\/baghall.se\/en\/produkt\/baghall-red-gate-package-kopia\/","title":{"rendered":"B\u00e5ghall Red Gate-package (kopia)"},"content":{"rendered":"<p><strong>Sturdy Free-Standing Arc Hall with Gate Package from FURAB \u2013 Your Solution for Simple and Cost-Effective Outdoor Animal Husbandry<\/strong><\/p>\n<p>Upgrade your animal husbandry with FURAB&#8217;s robust free-standing arc hall, complete with a gate package perfectly suited for outdoor use.<\/p>\n<p><strong>Included Equipment in the Gate Package:<\/strong><\/p>\n<ul>\n<li><strong>1 Standard Portable Arc Hall:<\/strong> A complete construction kit with an end wall for full functionality.<\/li>\n<li><strong>Long Lifespan:<\/strong> All steel is galvanized, ensuring a long lifespan.<\/li>\n<li><strong>Secure Anchoring:<\/strong> 4 ground stakes included for stable anchoring of the hall.<\/li>\n<li><strong>Gates and Posts:<\/strong> The package includes 10 units of 3.0m OFAB gates and 2 gate posts with attachments that fit directly into the arc hall.<\/li>\n<\/ul>\n<p><strong>Additional Options:<\/strong> If interior protection with plywood panels is desired, this can be ordered separately.<\/p>\n<p><strong>Robust Construction and Flexible Design:<\/strong><\/p>\n<ul>\n<li><strong>Sturdy Base Construction:<\/strong> Hot-dip galvanized for extra strength and durability.<\/li>\n<li><strong>Integrated Forklift Attachments:<\/strong> Simplifies movement in pasture or grazing areas.<\/li>\n<li><strong>High-Quality Materials:<\/strong> The arc hall&#8217;s high-profile sheet metal is galvanized and painted for extra durability.<\/li>\n<li><strong>Unique Shape:<\/strong> With straight walls, you can efficiently utilize every square meter of the hall.<\/li>\n<\/ul>\n<p><strong>Made in Sweden:<\/strong> Each hall is manufactured in our workshop in Lidk\u00f6ping and delivered throughout Sweden. Choose from three color options: red, anthracite gray, and fir green.<\/p>\n<p><strong>Standard Dimensions and Customization Options:<\/strong><\/p>\n<ul>\n<li><strong>Dimensions<\/strong>: A standard hall is 4.4 x 5.5 x 3.3m (WxLxH), including support beams and an end wall.<\/li>\n<li><strong>Easy to Extend:<\/strong> For additional space, we offer a 1.3m extension section.<\/li>\n<\/ul>\n<p>&nbsp;<\/p>\n","protected":false},"excerpt":{"rendered":"<p>Sturdy Free-Standing Arc Hall with Gate Package from FURAB \u2013 Your Solution for Simple and Cost-Effective Outdoor Animal Husbandry Upgrade your animal husbandry with FURAB&#8217;s robust free-standing arc hall, complete with a gate package perfectly suited for outdoor use. Included Equipment in the Gate Package: 1 Standard Portable Arc Hall: A complete construction kit with [&hellip;]<\/p>\n","protected":false},"featured_media":6446,"comment_status":"closed","ping_status":"closed","template":"","meta":{"_acf_changed":false,"inline_featured_image":false},"product_brand":[],"product_cat":[193],"product_tag":[],"class_list":{"0":"post-7303","1":"product","2":"type-product","3":"status-publish","4":"has-post-thumbnail","6":"product_cat-not-en","7":"product_shipping_class-stor","9":"first","10":"instock","11":"taxable","12":"shipping-taxable","13":"purchasable","14":"product-type-simple"},"acf":[],"yoast_head":"<!-- This site is optimized with the Yoast SEO plugin v26.8 - https:\/\/yoast.com\/product\/yoast-seo-wordpress\/ -->\n<title>B\u00e5ghall Red Gate-package (kopia) - B\u00e5ghall<\/title>\n<meta name=\"robots\" content=\"index, follow, max-snippet:-1, max-image-preview:large, max-video-preview:-1\" \/>\n<link rel=\"canonical\" href=\"https:\/\/baghall.se\/en\/produkt\/baghall-red-gate-package-kopia\/\" \/>\n<meta property=\"og:locale\" content=\"en_US\" \/>\n<meta property=\"og:type\" content=\"article\" \/>\n<meta property=\"og:title\" content=\"B\u00e5ghall Red Gate-package (kopia) - B\u00e5ghall\" \/>\n<meta property=\"og:description\" content=\"Sturdy Free-Standing Arc Hall with Gate Package from FURAB \u2013 Your Solution for Simple and Cost-Effective Outdoor Animal Husbandry Upgrade your animal husbandry with FURAB&#8217;s robust free-standing arc hall, complete with a gate package perfectly suited for outdoor use. Included Equipment in the Gate Package: 1 Standard Portable Arc Hall: A complete construction kit with [&hellip;]\" \/>\n<meta property=\"og:url\" content=\"https:\/\/baghall.se\/en\/produkt\/baghall-red-gate-package-kopia\/\" \/>\n<meta property=\"og:site_name\" content=\"B\u00e5ghall\" \/>\n<meta property=\"article:publisher\" content=\"https:\/\/www.facebook.com\/furabfodersystem\/\" \/>\n<meta property=\"article:modified_time\" content=\"2026-01-23T10:02:57+00:00\" \/>\n<meta property=\"og:image\" content=\"http:\/\/baghall.se\/wp-content\/uploads\/slider13\/Grindpaket.jpeg\" \/>\n\t<meta property=\"og:image:width\" content=\"2016\" \/>\n\t<meta property=\"og:image:height\" content=\"1512\" \/>\n\t<meta property=\"og:image:type\" content=\"image\/jpeg\" \/>\n<meta name=\"twitter:card\" content=\"summary_large_image\" \/>\n<meta name=\"twitter:label1\" content=\"Est. reading time\" \/>\n\t<meta name=\"twitter:data1\" content=\"2 minutes\" \/>\n<script type=\"application\/ld+json\" class=\"yoast-schema-graph\">{\"@context\":\"https:\/\/schema.org\",\"@graph\":[{\"@type\":\"WebPage\",\"@id\":\"https:\/\/baghall.se\/en\/produkt\/baghall-red-gate-package-kopia\/\",\"url\":\"https:\/\/baghall.se\/en\/produkt\/baghall-red-gate-package-kopia\/\",\"name\":\"B\u00e5ghall Red Gate-package (kopia) - B\u00e5ghall\",\"isPartOf\":{\"@id\":\"https:\/\/baghall.se\/en\/#website\"},\"primaryImageOfPage\":{\"@id\":\"https:\/\/baghall.se\/en\/produkt\/baghall-red-gate-package-kopia\/#primaryimage\"},\"image\":{\"@id\":\"https:\/\/baghall.se\/en\/produkt\/baghall-red-gate-package-kopia\/#primaryimage\"},\"thumbnailUrl\":\"https:\/\/baghall.se\/wp-content\/uploads\/slider13\/Grindpaket.jpeg\",\"datePublished\":\"2026-01-23T10:01:56+00:00\",\"dateModified\":\"2026-01-23T10:02:57+00:00\",\"breadcrumb\":{\"@id\":\"https:\/\/baghall.se\/en\/produkt\/baghall-red-gate-package-kopia\/#breadcrumb\"},\"inLanguage\":\"en-US\",\"potentialAction\":[{\"@type\":\"ReadAction\",\"target\":[\"https:\/\/baghall.se\/en\/produkt\/baghall-red-gate-package-kopia\/\"]}]},{\"@type\":\"ImageObject\",\"inLanguage\":\"en-US\",\"@id\":\"https:\/\/baghall.se\/en\/produkt\/baghall-red-gate-package-kopia\/#primaryimage\",\"url\":\"https:\/\/baghall.se\/wp-content\/uploads\/slider13\/Grindpaket.jpeg\",\"contentUrl\":\"https:\/\/baghall.se\/wp-content\/uploads\/slider13\/Grindpaket.jpeg\",\"width\":2016,\"height\":1512},{\"@type\":\"BreadcrumbList\",\"@id\":\"https:\/\/baghall.se\/en\/produkt\/baghall-red-gate-package-kopia\/#breadcrumb\",\"itemListElement\":[{\"@type\":\"ListItem\",\"position\":1,\"name\":\"Home\",\"item\":\"https:\/\/baghall.se\/en\/\"},{\"@type\":\"ListItem\",\"position\":2,\"name\":\"Shop\",\"item\":\"https:\/\/baghall.se\/en\/shop\/\"},{\"@type\":\"ListItem\",\"position\":3,\"name\":\"B\u00e5ghall Red Gate-package (kopia)\"}]},{\"@type\":\"WebSite\",\"@id\":\"https:\/\/baghall.se\/en\/#website\",\"url\":\"https:\/\/baghall.se\/en\/\",\"name\":\"B\u00e5ghall\",\"description\":\"Flyttbara vindskydd f\u00f6r n\u00f6t, h\u00e4st och f\u00e5r\",\"publisher\":{\"@id\":\"https:\/\/baghall.se\/en\/#organization\"},\"potentialAction\":[{\"@type\":\"SearchAction\",\"target\":{\"@type\":\"EntryPoint\",\"urlTemplate\":\"https:\/\/baghall.se\/en\/?s={search_term_string}\"},\"query-input\":{\"@type\":\"PropertyValueSpecification\",\"valueRequired\":true,\"valueName\":\"search_term_string\"}}],\"inLanguage\":\"en-US\"},{\"@type\":\"Organization\",\"@id\":\"https:\/\/baghall.se\/en\/#organization\",\"name\":\"Furab AB\",\"url\":\"https:\/\/baghall.se\/en\/\",\"logo\":{\"@type\":\"ImageObject\",\"inLanguage\":\"en-US\",\"@id\":\"https:\/\/baghall.se\/en\/#\/schema\/logo\/image\/\",\"url\":\"http:\/\/baghall.se\/wp-content\/uploads\/2020\/01\/FURAB-AB.png\",\"contentUrl\":\"http:\/\/baghall.se\/wp-content\/uploads\/2020\/01\/FURAB-AB.png\",\"width\":2047,\"height\":632,\"caption\":\"Furab AB\"},\"image\":{\"@id\":\"https:\/\/baghall.se\/en\/#\/schema\/logo\/image\/\"},\"sameAs\":[\"https:\/\/www.facebook.com\/furabfodersystem\/\"]}]}<\/script>\n<!-- \/ Yoast SEO plugin. -->","yoast_head_json":{"title":"B\u00e5ghall Red Gate-package (kopia) - B\u00e5ghall","robots":{"index":"index","follow":"follow","max-snippet":"max-snippet:-1","max-image-preview":"max-image-preview:large","max-video-preview":"max-video-preview:-1"},"canonical":"https:\/\/baghall.se\/en\/produkt\/baghall-red-gate-package-kopia\/","og_locale":"en_US","og_type":"article","og_title":"B\u00e5ghall Red Gate-package (kopia) - B\u00e5ghall","og_description":"Sturdy Free-Standing Arc Hall with Gate Package from FURAB \u2013 Your Solution for Simple and Cost-Effective Outdoor Animal Husbandry Upgrade your animal husbandry with FURAB&#8217;s robust free-standing arc hall, complete with a gate package perfectly suited for outdoor use. Included Equipment in the Gate Package: 1 Standard Portable Arc Hall: A complete construction kit with [&hellip;]","og_url":"https:\/\/baghall.se\/en\/produkt\/baghall-red-gate-package-kopia\/","og_site_name":"B\u00e5ghall","article_publisher":"https:\/\/www.facebook.com\/furabfodersystem\/","article_modified_time":"2026-01-23T10:02:57+00:00","og_image":[{"width":2016,"height":1512,"url":"http:\/\/baghall.se\/wp-content\/uploads\/slider13\/Grindpaket.jpeg","type":"image\/jpeg"}],"twitter_card":"summary_large_image","twitter_misc":{"Est. reading time":"2 minutes"},"schema":{"@context":"https:\/\/schema.org","@graph":[{"@type":"WebPage","@id":"https:\/\/baghall.se\/en\/produkt\/baghall-red-gate-package-kopia\/","url":"https:\/\/baghall.se\/en\/produkt\/baghall-red-gate-package-kopia\/","name":"B\u00e5ghall Red Gate-package (kopia) - B\u00e5ghall","isPartOf":{"@id":"https:\/\/baghall.se\/en\/#website"},"primaryImageOfPage":{"@id":"https:\/\/baghall.se\/en\/produkt\/baghall-red-gate-package-kopia\/#primaryimage"},"image":{"@id":"https:\/\/baghall.se\/en\/produkt\/baghall-red-gate-package-kopia\/#primaryimage"},"thumbnailUrl":"https:\/\/baghall.se\/wp-content\/uploads\/slider13\/Grindpaket.jpeg","datePublished":"2026-01-23T10:01:56+00:00","dateModified":"2026-01-23T10:02:57+00:00","breadcrumb":{"@id":"https:\/\/baghall.se\/en\/produkt\/baghall-red-gate-package-kopia\/#breadcrumb"},"inLanguage":"en-US","potentialAction":[{"@type":"ReadAction","target":["https:\/\/baghall.se\/en\/produkt\/baghall-red-gate-package-kopia\/"]}]},{"@type":"ImageObject","inLanguage":"en-US","@id":"https:\/\/baghall.se\/en\/produkt\/baghall-red-gate-package-kopia\/#primaryimage","url":"https:\/\/baghall.se\/wp-content\/uploads\/slider13\/Grindpaket.jpeg","contentUrl":"https:\/\/baghall.se\/wp-content\/uploads\/slider13\/Grindpaket.jpeg","width":2016,"height":1512},{"@type":"BreadcrumbList","@id":"https:\/\/baghall.se\/en\/produkt\/baghall-red-gate-package-kopia\/#breadcrumb","itemListElement":[{"@type":"ListItem","position":1,"name":"Home","item":"https:\/\/baghall.se\/en\/"},{"@type":"ListItem","position":2,"name":"Shop","item":"https:\/\/baghall.se\/en\/shop\/"},{"@type":"ListItem","position":3,"name":"B\u00e5ghall Red Gate-package (kopia)"}]},{"@type":"WebSite","@id":"https:\/\/baghall.se\/en\/#website","url":"https:\/\/baghall.se\/en\/","name":"B\u00e5ghall","description":"Flyttbara vindskydd f\u00f6r n\u00f6t, h\u00e4st och f\u00e5r","publisher":{"@id":"https:\/\/baghall.se\/en\/#organization"},"potentialAction":[{"@type":"SearchAction","target":{"@type":"EntryPoint","urlTemplate":"https:\/\/baghall.se\/en\/?s={search_term_string}"},"query-input":{"@type":"PropertyValueSpecification","valueRequired":true,"valueName":"search_term_string"}}],"inLanguage":"en-US"},{"@type":"Organization","@id":"https:\/\/baghall.se\/en\/#organization","name":"Furab AB","url":"https:\/\/baghall.se\/en\/","logo":{"@type":"ImageObject","inLanguage":"en-US","@id":"https:\/\/baghall.se\/en\/#\/schema\/logo\/image\/","url":"http:\/\/baghall.se\/wp-content\/uploads\/2020\/01\/FURAB-AB.png","contentUrl":"http:\/\/baghall.se\/wp-content\/uploads\/2020\/01\/FURAB-AB.png","width":2047,"height":632,"caption":"Furab AB"},"image":{"@id":"https:\/\/baghall.se\/en\/#\/schema\/logo\/image\/"},"sameAs":["https:\/\/www.facebook.com\/furabfodersystem\/"]}]}},"jetpack_sharing_enabled":true,"_links":{"self":[{"href":"https:\/\/baghall.se\/en\/wp-json\/wp\/v2\/product\/7303","targetHints":{"allow":["GET"]}}],"collection":[{"href":"https:\/\/baghall.se\/en\/wp-json\/wp\/v2\/product"}],"about":[{"href":"https:\/\/baghall.se\/en\/wp-json\/wp\/v2\/types\/product"}],"replies":[{"embeddable":true,"href":"https:\/\/baghall.se\/en\/wp-json\/wp\/v2\/comments?post=7303"}],"wp:featuredmedia":[{"embeddable":true,"href":"https:\/\/baghall.se\/en\/wp-json\/wp\/v2\/media\/6446"}],"wp:attachment":[{"href":"https:\/\/baghall.se\/en\/wp-json\/wp\/v2\/media?parent=7303"}],"wp:term":[{"taxonomy":"product_brand","embeddable":true,"href":"https:\/\/baghall.se\/en\/wp-json\/wp\/v2\/product_brand?post=7303"},{"taxonomy":"product_cat","embeddable":true,"href":"https:\/\/baghall.se\/en\/wp-json\/wp\/v2\/product_cat?post=7303"},{"taxonomy":"product_tag","embeddable":true,"href":"https:\/\/baghall.se\/en\/wp-json\/wp\/v2\/product_tag?post=7303"}],"curies":[{"name":"wp","href":"https:\/\/api.w.org\/{rel}","templated":true}]}}