{"id":7294,"date":"2026-01-23T10:49:42","date_gmt":"2026-01-23T09:49:42","guid":{"rendered":"https:\/\/baghall.se\/?post_type=product&#038;p=7294"},"modified":"2026-01-23T10:50:47","modified_gmt":"2026-01-23T09:50:47","slug":"solid-end-wall-including-gate-kopia-kopia","status":"publish","type":"product","link":"https:\/\/baghall.se\/en\/produkt\/solid-end-wall-including-gate-kopia-kopia\/","title":{"rendered":"Solid end wall including gate (kopia) (kopia)"},"content":{"rendered":"<p><img loading=\"lazy\" decoding=\"async\" title=\"Made in sweden\" src=\"http:\/\/baghall.se\/wp-content\/uploads\/2023\/05\/Made-in-sweden.png\" alt=\"Made in sweden\" width=\"118\" height=\"118\" class=\"alignnone wp-image-6126\" srcset=\"https:\/\/baghall.se\/wp-content\/uploads\/2023\/05\/Made-in-sweden-600x600.png 600w, https:\/\/baghall.se\/wp-content\/uploads\/2023\/05\/Made-in-sweden-100x100.png 100w, https:\/\/baghall.se\/wp-content\/uploads\/2023\/05\/Made-in-sweden-150x150.png 150w, https:\/\/baghall.se\/wp-content\/uploads\/2023\/05\/Made-in-sweden-300x300.png 300w, https:\/\/baghall.se\/wp-content\/uploads\/2023\/05\/Made-in-sweden-768x768.png 768w, https:\/\/baghall.se\/wp-content\/uploads\/2023\/05\/Made-in-sweden-1024x1024.png 1024w\" sizes=\"auto, (max-width: 118px) 100vw, 118px\" \/><\/p>\n<p>Solid metal end wall with gate frame and 2 gate panels. Suitable for our portable and stationary arc halls (excluding the XL model). Perfect for those intending to use the hall as a garage or storage space. 2,5 x 2,0 meters.<\/p>\n<p>Purchased as an a<span>ttachment <\/span>for your new hall or to complement your existing one with a gate.<\/p>\n<p>Packaging not included.<\/p>\n","protected":false},"excerpt":{"rendered":"<p>Solid metal end wall with gate frame and 2 gate panels. Suitable for our portable and stationary arc halls (excluding the XL model). Perfect for those intending to use the hall as a garage or storage space. 2,5 x 2,0 meters. Purchased as an attachment for your new hall or to complement your existing one [&hellip;]<\/p>\n","protected":false},"featured_media":6528,"comment_status":"closed","ping_status":"closed","template":"","meta":{"_acf_changed":false,"inline_featured_image":false},"product_brand":[],"product_cat":[194,195,196],"product_tag":[],"class_list":{"0":"post-7294","1":"product","2":"type-product","3":"status-publish","4":"has-post-thumbnail","6":"product_cat-garage-en","7":"product_cat-husbil-husvagn-en","8":"product_cat-baghall-en","9":"product_shipping_class-stor","11":"first","12":"instock","13":"taxable","14":"shipping-taxable","15":"purchasable","16":"product-type-simple"},"acf":[],"yoast_head":"<!-- This site is optimized with the Yoast SEO plugin v26.8 - https:\/\/yoast.com\/product\/yoast-seo-wordpress\/ -->\n<title>Solid end wall including gate (kopia) (kopia) - B\u00e5ghall<\/title>\n<meta name=\"robots\" content=\"index, follow, max-snippet:-1, max-image-preview:large, max-video-preview:-1\" \/>\n<link rel=\"canonical\" href=\"https:\/\/baghall.se\/en\/produkt\/solid-end-wall-including-gate-kopia-kopia\/\" \/>\n<meta property=\"og:locale\" content=\"en_US\" \/>\n<meta property=\"og:type\" content=\"article\" \/>\n<meta property=\"og:title\" content=\"Solid end wall including gate (kopia) (kopia) - B\u00e5ghall\" \/>\n<meta property=\"og:description\" content=\"Solid metal end wall with gate frame and 2 gate panels. Suitable for our portable and stationary arc halls (excluding the XL model). Perfect for those intending to use the hall as a garage or storage space. 2,5 x 2,0 meters. Purchased as an attachment for your new hall or to complement your existing one [&hellip;]\" \/>\n<meta property=\"og:url\" content=\"https:\/\/baghall.se\/en\/produkt\/solid-end-wall-including-gate-kopia-kopia\/\" \/>\n<meta property=\"og:site_name\" content=\"B\u00e5ghall\" \/>\n<meta property=\"article:publisher\" content=\"https:\/\/www.facebook.com\/furabfodersystem\/\" \/>\n<meta property=\"article:modified_time\" content=\"2026-01-23T09:50:47+00:00\" \/>\n<meta property=\"og:image\" content=\"http:\/\/baghall.se\/wp-content\/uploads\/2023\/06\/IMG_3516.jpeg\" \/>\n\t<meta property=\"og:image:width\" content=\"1170\" \/>\n\t<meta property=\"og:image:height\" content=\"1117\" \/>\n\t<meta property=\"og:image:type\" content=\"image\/jpeg\" \/>\n<meta name=\"twitter:card\" content=\"summary_large_image\" \/>\n<meta name=\"twitter:label1\" content=\"Est. reading time\" \/>\n\t<meta name=\"twitter:data1\" content=\"1 minute\" \/>\n<script type=\"application\/ld+json\" class=\"yoast-schema-graph\">{\"@context\":\"https:\/\/schema.org\",\"@graph\":[{\"@type\":\"WebPage\",\"@id\":\"https:\/\/baghall.se\/en\/produkt\/solid-end-wall-including-gate-kopia-kopia\/\",\"url\":\"https:\/\/baghall.se\/en\/produkt\/solid-end-wall-including-gate-kopia-kopia\/\",\"name\":\"Solid end wall including gate (kopia) (kopia) - B\u00e5ghall\",\"isPartOf\":{\"@id\":\"https:\/\/baghall.se\/en\/#website\"},\"primaryImageOfPage\":{\"@id\":\"https:\/\/baghall.se\/en\/produkt\/solid-end-wall-including-gate-kopia-kopia\/#primaryimage\"},\"image\":{\"@id\":\"https:\/\/baghall.se\/en\/produkt\/solid-end-wall-including-gate-kopia-kopia\/#primaryimage\"},\"thumbnailUrl\":\"https:\/\/baghall.se\/wp-content\/uploads\/2023\/08\/baghall-XL.jpg\",\"datePublished\":\"2026-01-23T09:49:42+00:00\",\"dateModified\":\"2026-01-23T09:50:47+00:00\",\"breadcrumb\":{\"@id\":\"https:\/\/baghall.se\/en\/produkt\/solid-end-wall-including-gate-kopia-kopia\/#breadcrumb\"},\"inLanguage\":\"en-US\",\"potentialAction\":[{\"@type\":\"ReadAction\",\"target\":[\"https:\/\/baghall.se\/en\/produkt\/solid-end-wall-including-gate-kopia-kopia\/\"]}]},{\"@type\":\"ImageObject\",\"inLanguage\":\"en-US\",\"@id\":\"https:\/\/baghall.se\/en\/produkt\/solid-end-wall-including-gate-kopia-kopia\/#primaryimage\",\"url\":\"https:\/\/baghall.se\/wp-content\/uploads\/2023\/08\/baghall-XL.jpg\",\"contentUrl\":\"https:\/\/baghall.se\/wp-content\/uploads\/2023\/08\/baghall-XL.jpg\",\"width\":1677,\"height\":1540},{\"@type\":\"BreadcrumbList\",\"@id\":\"https:\/\/baghall.se\/en\/produkt\/solid-end-wall-including-gate-kopia-kopia\/#breadcrumb\",\"itemListElement\":[{\"@type\":\"ListItem\",\"position\":1,\"name\":\"Home\",\"item\":\"https:\/\/baghall.se\/en\/\"},{\"@type\":\"ListItem\",\"position\":2,\"name\":\"Shop\",\"item\":\"https:\/\/baghall.se\/en\/shop\/\"},{\"@type\":\"ListItem\",\"position\":3,\"name\":\"Solid end wall including gate (kopia) (kopia)\"}]},{\"@type\":\"WebSite\",\"@id\":\"https:\/\/baghall.se\/en\/#website\",\"url\":\"https:\/\/baghall.se\/en\/\",\"name\":\"B\u00e5ghall\",\"description\":\"Flyttbara vindskydd f\u00f6r n\u00f6t, h\u00e4st och f\u00e5r\",\"publisher\":{\"@id\":\"https:\/\/baghall.se\/en\/#organization\"},\"potentialAction\":[{\"@type\":\"SearchAction\",\"target\":{\"@type\":\"EntryPoint\",\"urlTemplate\":\"https:\/\/baghall.se\/en\/?s={search_term_string}\"},\"query-input\":{\"@type\":\"PropertyValueSpecification\",\"valueRequired\":true,\"valueName\":\"search_term_string\"}}],\"inLanguage\":\"en-US\"},{\"@type\":\"Organization\",\"@id\":\"https:\/\/baghall.se\/en\/#organization\",\"name\":\"Furab AB\",\"url\":\"https:\/\/baghall.se\/en\/\",\"logo\":{\"@type\":\"ImageObject\",\"inLanguage\":\"en-US\",\"@id\":\"https:\/\/baghall.se\/en\/#\/schema\/logo\/image\/\",\"url\":\"http:\/\/baghall.se\/wp-content\/uploads\/2020\/01\/FURAB-AB.png\",\"contentUrl\":\"http:\/\/baghall.se\/wp-content\/uploads\/2020\/01\/FURAB-AB.png\",\"width\":2047,\"height\":632,\"caption\":\"Furab AB\"},\"image\":{\"@id\":\"https:\/\/baghall.se\/en\/#\/schema\/logo\/image\/\"},\"sameAs\":[\"https:\/\/www.facebook.com\/furabfodersystem\/\"]}]}<\/script>\n<!-- \/ Yoast SEO plugin. -->","yoast_head_json":{"title":"Solid end wall including gate (kopia) (kopia) - B\u00e5ghall","robots":{"index":"index","follow":"follow","max-snippet":"max-snippet:-1","max-image-preview":"max-image-preview:large","max-video-preview":"max-video-preview:-1"},"canonical":"https:\/\/baghall.se\/en\/produkt\/solid-end-wall-including-gate-kopia-kopia\/","og_locale":"en_US","og_type":"article","og_title":"Solid end wall including gate (kopia) (kopia) - B\u00e5ghall","og_description":"Solid metal end wall with gate frame and 2 gate panels. Suitable for our portable and stationary arc halls (excluding the XL model). Perfect for those intending to use the hall as a garage or storage space. 2,5 x 2,0 meters. Purchased as an attachment for your new hall or to complement your existing one [&hellip;]","og_url":"https:\/\/baghall.se\/en\/produkt\/solid-end-wall-including-gate-kopia-kopia\/","og_site_name":"B\u00e5ghall","article_publisher":"https:\/\/www.facebook.com\/furabfodersystem\/","article_modified_time":"2026-01-23T09:50:47+00:00","og_image":[{"width":1170,"height":1117,"url":"http:\/\/baghall.se\/wp-content\/uploads\/2023\/06\/IMG_3516.jpeg","type":"image\/jpeg"}],"twitter_card":"summary_large_image","twitter_misc":{"Est. reading time":"1 minute"},"schema":{"@context":"https:\/\/schema.org","@graph":[{"@type":"WebPage","@id":"https:\/\/baghall.se\/en\/produkt\/solid-end-wall-including-gate-kopia-kopia\/","url":"https:\/\/baghall.se\/en\/produkt\/solid-end-wall-including-gate-kopia-kopia\/","name":"Solid end wall including gate (kopia) (kopia) - B\u00e5ghall","isPartOf":{"@id":"https:\/\/baghall.se\/en\/#website"},"primaryImageOfPage":{"@id":"https:\/\/baghall.se\/en\/produkt\/solid-end-wall-including-gate-kopia-kopia\/#primaryimage"},"image":{"@id":"https:\/\/baghall.se\/en\/produkt\/solid-end-wall-including-gate-kopia-kopia\/#primaryimage"},"thumbnailUrl":"https:\/\/baghall.se\/wp-content\/uploads\/2023\/08\/baghall-XL.jpg","datePublished":"2026-01-23T09:49:42+00:00","dateModified":"2026-01-23T09:50:47+00:00","breadcrumb":{"@id":"https:\/\/baghall.se\/en\/produkt\/solid-end-wall-including-gate-kopia-kopia\/#breadcrumb"},"inLanguage":"en-US","potentialAction":[{"@type":"ReadAction","target":["https:\/\/baghall.se\/en\/produkt\/solid-end-wall-including-gate-kopia-kopia\/"]}]},{"@type":"ImageObject","inLanguage":"en-US","@id":"https:\/\/baghall.se\/en\/produkt\/solid-end-wall-including-gate-kopia-kopia\/#primaryimage","url":"https:\/\/baghall.se\/wp-content\/uploads\/2023\/08\/baghall-XL.jpg","contentUrl":"https:\/\/baghall.se\/wp-content\/uploads\/2023\/08\/baghall-XL.jpg","width":1677,"height":1540},{"@type":"BreadcrumbList","@id":"https:\/\/baghall.se\/en\/produkt\/solid-end-wall-including-gate-kopia-kopia\/#breadcrumb","itemListElement":[{"@type":"ListItem","position":1,"name":"Home","item":"https:\/\/baghall.se\/en\/"},{"@type":"ListItem","position":2,"name":"Shop","item":"https:\/\/baghall.se\/en\/shop\/"},{"@type":"ListItem","position":3,"name":"Solid end wall including gate (kopia) (kopia)"}]},{"@type":"WebSite","@id":"https:\/\/baghall.se\/en\/#website","url":"https:\/\/baghall.se\/en\/","name":"B\u00e5ghall","description":"Flyttbara vindskydd f\u00f6r n\u00f6t, h\u00e4st och f\u00e5r","publisher":{"@id":"https:\/\/baghall.se\/en\/#organization"},"potentialAction":[{"@type":"SearchAction","target":{"@type":"EntryPoint","urlTemplate":"https:\/\/baghall.se\/en\/?s={search_term_string}"},"query-input":{"@type":"PropertyValueSpecification","valueRequired":true,"valueName":"search_term_string"}}],"inLanguage":"en-US"},{"@type":"Organization","@id":"https:\/\/baghall.se\/en\/#organization","name":"Furab AB","url":"https:\/\/baghall.se\/en\/","logo":{"@type":"ImageObject","inLanguage":"en-US","@id":"https:\/\/baghall.se\/en\/#\/schema\/logo\/image\/","url":"http:\/\/baghall.se\/wp-content\/uploads\/2020\/01\/FURAB-AB.png","contentUrl":"http:\/\/baghall.se\/wp-content\/uploads\/2020\/01\/FURAB-AB.png","width":2047,"height":632,"caption":"Furab AB"},"image":{"@id":"https:\/\/baghall.se\/en\/#\/schema\/logo\/image\/"},"sameAs":["https:\/\/www.facebook.com\/furabfodersystem\/"]}]}},"jetpack_sharing_enabled":true,"_links":{"self":[{"href":"https:\/\/baghall.se\/en\/wp-json\/wp\/v2\/product\/7294","targetHints":{"allow":["GET"]}}],"collection":[{"href":"https:\/\/baghall.se\/en\/wp-json\/wp\/v2\/product"}],"about":[{"href":"https:\/\/baghall.se\/en\/wp-json\/wp\/v2\/types\/product"}],"replies":[{"embeddable":true,"href":"https:\/\/baghall.se\/en\/wp-json\/wp\/v2\/comments?post=7294"}],"wp:featuredmedia":[{"embeddable":true,"href":"https:\/\/baghall.se\/en\/wp-json\/wp\/v2\/media\/6528"}],"wp:attachment":[{"href":"https:\/\/baghall.se\/en\/wp-json\/wp\/v2\/media?parent=7294"}],"wp:term":[{"taxonomy":"product_brand","embeddable":true,"href":"https:\/\/baghall.se\/en\/wp-json\/wp\/v2\/product_brand?post=7294"},{"taxonomy":"product_cat","embeddable":true,"href":"https:\/\/baghall.se\/en\/wp-json\/wp\/v2\/product_cat?post=7294"},{"taxonomy":"product_tag","embeddable":true,"href":"https:\/\/baghall.se\/en\/wp-json\/wp\/v2\/product_tag?post=7294"}],"curies":[{"name":"wp","href":"https:\/\/api.w.org\/{rel}","templated":true}]}}