{"id":7232,"date":"2025-08-07T07:58:35","date_gmt":"2025-08-07T05:58:35","guid":{"rendered":"https:\/\/baghall.se\/?post_type=product&#038;p=7232"},"modified":"2025-08-07T08:02:01","modified_gmt":"2025-08-07T06:02:01","slug":"baghall-xl-antrachite-grey-kopia","status":"publish","type":"product","link":"https:\/\/baghall.se\/en\/produkt\/baghall-xl-antrachite-grey-kopia\/","title":{"rendered":"B\u00e5ghall XL Antrachite Grey (kopia)"},"content":{"rendered":"<p><strong>Sturdy Arc Hall from FURAB \u2013 Ideal for Equipment Storage<\/strong><\/p>\n<p>Discover FURAB&#8217;s robust and cost-effective arc hall, perfectly situated on a hot-dip galvanized base construction. This versatile building is excellent for storing machinery, boats, trailers, or motorhomes during the winter, offering both durability and economic efficiency.<\/p>\n<p><strong>Specially Designed for Large Vehicles<\/strong><\/p>\n<p>Generous Clearance Height: With a clearance height of 4.2m and a width of 4.1m, the hall is ideal for easily parking large vehicles. Optimal Space Utilization: Its straight walls allow the entire area to be used efficiently and fully. End Wall Included: The XL arc hall comes with an end wall for extra protection and functionality.<\/p>\n<p><strong>Swedish Manufacturing and Color Options<\/strong><\/p>\n<p>Local Production: The hall is manufactured in our workshop in Lidk\u00f6ping and delivered throughout Sweden. Color Options: Choose between three color options \u2013 red, anthracite gray, and pine green. Specify desired color when ordering.<\/p>\n<p><strong>Flexible and Customizable<\/strong><\/p>\n<p>Extension Possibilities: The hall can be easily extended with our 1.3m extension section, ordered separately. Optional Gate End Wall: Add a gate end wall for additional functionality and accessibility.<\/p>\n<p><strong>Important to Note<\/strong><\/p>\n<p>Packaging: Additional charges apply when ordering.<\/p>\n<h3>Dimensions:<\/h3>\n<table border=\"1\" style=\"border-collapse: collapse; width: 100%;\">\n<tbody>\n<tr style=\"height: 22px;\">\n<td style=\"width: 50%; height: 22px;\">Width<\/td>\n<td style=\"width: 50%; height: 22px;\">4,1m<\/td>\n<\/tr>\n<tr style=\"height: 22px;\">\n<td style=\"width: 50%; height: 22px;\">Length<\/td>\n<td style=\"width: 50%; height: 22px;\">8,0m<\/td>\n<\/tr>\n<tr style=\"height: 22px;\">\n<td style=\"width: 50%; height: 22px;\">Height<\/td>\n<td style=\"width: 50%; height: 22px;\">4,2m<\/td>\n<\/tr>\n<\/tbody>\n<\/table>\n<h4>FURAB&#8217;s arc hall is an optimal solution for those seeking a versatile and durable storage solution. Contact us today for more information or to place your order.<\/h4>\n<p>&nbsp;<\/p>\n","protected":false},"excerpt":{"rendered":"<p>Sturdy Arc Hall from FURAB \u2013 Ideal for Equipment Storage Discover FURAB&#8217;s robust and cost-effective arc hall, perfectly situated on a hot-dip galvanized base construction. This versatile building is excellent for storing machinery, boats, trailers, or motorhomes during the winter, offering both durability and economic efficiency. Specially Designed for Large Vehicles Generous Clearance Height: With [&hellip;]<\/p>\n","protected":false},"featured_media":7234,"comment_status":"closed","ping_status":"closed","template":"","meta":{"_acf_changed":false,"inline_featured_image":false},"product_brand":[],"product_cat":[191,192,193,194,195,196],"product_tag":[],"class_list":{"0":"post-7232","1":"product","2":"type-product","3":"status-publish","4":"has-post-thumbnail","6":"product_cat-sheep","7":"product_cat-hast-en","8":"product_cat-not-en","9":"product_cat-garage-en","10":"product_cat-husbil-husvagn-en","11":"product_cat-baghall-en","13":"first","14":"instock","15":"taxable","16":"shipping-taxable","17":"purchasable","18":"product-type-simple"},"acf":[],"yoast_head":"<!-- This site is optimized with the Yoast SEO plugin v26.8 - https:\/\/yoast.com\/product\/yoast-seo-wordpress\/ -->\n<title>B\u00e5ghall XL Antrachite Grey (kopia) - B\u00e5ghall<\/title>\n<meta name=\"robots\" content=\"index, follow, max-snippet:-1, max-image-preview:large, max-video-preview:-1\" \/>\n<link rel=\"canonical\" href=\"https:\/\/baghall.se\/en\/produkt\/baghall-xl-antrachite-grey-kopia\/\" \/>\n<meta property=\"og:locale\" content=\"en_US\" \/>\n<meta property=\"og:type\" content=\"article\" \/>\n<meta property=\"og:title\" content=\"B\u00e5ghall XL Antrachite Grey (kopia) - B\u00e5ghall\" \/>\n<meta property=\"og:description\" content=\"Sturdy Arc Hall from FURAB \u2013 Ideal for Equipment Storage Discover FURAB&#8217;s robust and cost-effective arc hall, perfectly situated on a hot-dip galvanized base construction. This versatile building is excellent for storing machinery, boats, trailers, or motorhomes during the winter, offering both durability and economic efficiency. Specially Designed for Large Vehicles Generous Clearance Height: With [&hellip;]\" \/>\n<meta property=\"og:url\" content=\"https:\/\/baghall.se\/en\/produkt\/baghall-xl-antrachite-grey-kopia\/\" \/>\n<meta property=\"og:site_name\" content=\"B\u00e5ghall\" \/>\n<meta property=\"article:publisher\" content=\"https:\/\/www.facebook.com\/furabfodersystem\/\" \/>\n<meta property=\"article:modified_time\" content=\"2025-08-07T06:02:01+00:00\" \/>\n<meta property=\"og:image\" content=\"http:\/\/baghall.se\/wp-content\/uploads\/2025\/08\/Forvaringshus-med-snoskoter-och-ved.jpg\" \/>\n\t<meta property=\"og:image:width\" content=\"1024\" \/>\n\t<meta property=\"og:image:height\" content=\"1024\" \/>\n\t<meta property=\"og:image:type\" content=\"image\/jpeg\" \/>\n<meta name=\"twitter:card\" content=\"summary_large_image\" \/>\n<meta name=\"twitter:label1\" content=\"Est. reading time\" \/>\n\t<meta name=\"twitter:data1\" content=\"2 minutes\" \/>\n<script type=\"application\/ld+json\" class=\"yoast-schema-graph\">{\"@context\":\"https:\/\/schema.org\",\"@graph\":[{\"@type\":\"WebPage\",\"@id\":\"https:\/\/baghall.se\/en\/produkt\/baghall-xl-antrachite-grey-kopia\/\",\"url\":\"https:\/\/baghall.se\/en\/produkt\/baghall-xl-antrachite-grey-kopia\/\",\"name\":\"B\u00e5ghall XL Antrachite Grey (kopia) - B\u00e5ghall\",\"isPartOf\":{\"@id\":\"https:\/\/baghall.se\/en\/#website\"},\"primaryImageOfPage\":{\"@id\":\"https:\/\/baghall.se\/en\/produkt\/baghall-xl-antrachite-grey-kopia\/#primaryimage\"},\"image\":{\"@id\":\"https:\/\/baghall.se\/en\/produkt\/baghall-xl-antrachite-grey-kopia\/#primaryimage\"},\"thumbnailUrl\":\"https:\/\/baghall.se\/wp-content\/uploads\/2025\/08\/Forvaringshus-med-snoskoter-och-ved.jpg\",\"datePublished\":\"2025-08-07T05:58:35+00:00\",\"dateModified\":\"2025-08-07T06:02:01+00:00\",\"breadcrumb\":{\"@id\":\"https:\/\/baghall.se\/en\/produkt\/baghall-xl-antrachite-grey-kopia\/#breadcrumb\"},\"inLanguage\":\"en-US\",\"potentialAction\":[{\"@type\":\"ReadAction\",\"target\":[\"https:\/\/baghall.se\/en\/produkt\/baghall-xl-antrachite-grey-kopia\/\"]}]},{\"@type\":\"ImageObject\",\"inLanguage\":\"en-US\",\"@id\":\"https:\/\/baghall.se\/en\/produkt\/baghall-xl-antrachite-grey-kopia\/#primaryimage\",\"url\":\"https:\/\/baghall.se\/wp-content\/uploads\/2025\/08\/Forvaringshus-med-snoskoter-och-ved.jpg\",\"contentUrl\":\"https:\/\/baghall.se\/wp-content\/uploads\/2025\/08\/Forvaringshus-med-snoskoter-och-ved.jpg\",\"width\":1024,\"height\":1024},{\"@type\":\"BreadcrumbList\",\"@id\":\"https:\/\/baghall.se\/en\/produkt\/baghall-xl-antrachite-grey-kopia\/#breadcrumb\",\"itemListElement\":[{\"@type\":\"ListItem\",\"position\":1,\"name\":\"Home\",\"item\":\"https:\/\/baghall.se\/en\/\"},{\"@type\":\"ListItem\",\"position\":2,\"name\":\"Shop\",\"item\":\"https:\/\/baghall.se\/en\/shop\/\"},{\"@type\":\"ListItem\",\"position\":3,\"name\":\"B\u00e5ghall XL Antrachite Grey (kopia)\"}]},{\"@type\":\"WebSite\",\"@id\":\"https:\/\/baghall.se\/en\/#website\",\"url\":\"https:\/\/baghall.se\/en\/\",\"name\":\"B\u00e5ghall\",\"description\":\"Flyttbara vindskydd f\u00f6r n\u00f6t, h\u00e4st och f\u00e5r\",\"publisher\":{\"@id\":\"https:\/\/baghall.se\/en\/#organization\"},\"potentialAction\":[{\"@type\":\"SearchAction\",\"target\":{\"@type\":\"EntryPoint\",\"urlTemplate\":\"https:\/\/baghall.se\/en\/?s={search_term_string}\"},\"query-input\":{\"@type\":\"PropertyValueSpecification\",\"valueRequired\":true,\"valueName\":\"search_term_string\"}}],\"inLanguage\":\"en-US\"},{\"@type\":\"Organization\",\"@id\":\"https:\/\/baghall.se\/en\/#organization\",\"name\":\"Furab AB\",\"url\":\"https:\/\/baghall.se\/en\/\",\"logo\":{\"@type\":\"ImageObject\",\"inLanguage\":\"en-US\",\"@id\":\"https:\/\/baghall.se\/en\/#\/schema\/logo\/image\/\",\"url\":\"http:\/\/baghall.se\/wp-content\/uploads\/2020\/01\/FURAB-AB.png\",\"contentUrl\":\"http:\/\/baghall.se\/wp-content\/uploads\/2020\/01\/FURAB-AB.png\",\"width\":2047,\"height\":632,\"caption\":\"Furab AB\"},\"image\":{\"@id\":\"https:\/\/baghall.se\/en\/#\/schema\/logo\/image\/\"},\"sameAs\":[\"https:\/\/www.facebook.com\/furabfodersystem\/\"]}]}<\/script>\n<!-- \/ Yoast SEO plugin. -->","yoast_head_json":{"title":"B\u00e5ghall XL Antrachite Grey (kopia) - B\u00e5ghall","robots":{"index":"index","follow":"follow","max-snippet":"max-snippet:-1","max-image-preview":"max-image-preview:large","max-video-preview":"max-video-preview:-1"},"canonical":"https:\/\/baghall.se\/en\/produkt\/baghall-xl-antrachite-grey-kopia\/","og_locale":"en_US","og_type":"article","og_title":"B\u00e5ghall XL Antrachite Grey (kopia) - B\u00e5ghall","og_description":"Sturdy Arc Hall from FURAB \u2013 Ideal for Equipment Storage Discover FURAB&#8217;s robust and cost-effective arc hall, perfectly situated on a hot-dip galvanized base construction. This versatile building is excellent for storing machinery, boats, trailers, or motorhomes during the winter, offering both durability and economic efficiency. Specially Designed for Large Vehicles Generous Clearance Height: With [&hellip;]","og_url":"https:\/\/baghall.se\/en\/produkt\/baghall-xl-antrachite-grey-kopia\/","og_site_name":"B\u00e5ghall","article_publisher":"https:\/\/www.facebook.com\/furabfodersystem\/","article_modified_time":"2025-08-07T06:02:01+00:00","og_image":[{"width":1024,"height":1024,"url":"http:\/\/baghall.se\/wp-content\/uploads\/2025\/08\/Forvaringshus-med-snoskoter-och-ved.jpg","type":"image\/jpeg"}],"twitter_card":"summary_large_image","twitter_misc":{"Est. reading time":"2 minutes"},"schema":{"@context":"https:\/\/schema.org","@graph":[{"@type":"WebPage","@id":"https:\/\/baghall.se\/en\/produkt\/baghall-xl-antrachite-grey-kopia\/","url":"https:\/\/baghall.se\/en\/produkt\/baghall-xl-antrachite-grey-kopia\/","name":"B\u00e5ghall XL Antrachite Grey (kopia) - B\u00e5ghall","isPartOf":{"@id":"https:\/\/baghall.se\/en\/#website"},"primaryImageOfPage":{"@id":"https:\/\/baghall.se\/en\/produkt\/baghall-xl-antrachite-grey-kopia\/#primaryimage"},"image":{"@id":"https:\/\/baghall.se\/en\/produkt\/baghall-xl-antrachite-grey-kopia\/#primaryimage"},"thumbnailUrl":"https:\/\/baghall.se\/wp-content\/uploads\/2025\/08\/Forvaringshus-med-snoskoter-och-ved.jpg","datePublished":"2025-08-07T05:58:35+00:00","dateModified":"2025-08-07T06:02:01+00:00","breadcrumb":{"@id":"https:\/\/baghall.se\/en\/produkt\/baghall-xl-antrachite-grey-kopia\/#breadcrumb"},"inLanguage":"en-US","potentialAction":[{"@type":"ReadAction","target":["https:\/\/baghall.se\/en\/produkt\/baghall-xl-antrachite-grey-kopia\/"]}]},{"@type":"ImageObject","inLanguage":"en-US","@id":"https:\/\/baghall.se\/en\/produkt\/baghall-xl-antrachite-grey-kopia\/#primaryimage","url":"https:\/\/baghall.se\/wp-content\/uploads\/2025\/08\/Forvaringshus-med-snoskoter-och-ved.jpg","contentUrl":"https:\/\/baghall.se\/wp-content\/uploads\/2025\/08\/Forvaringshus-med-snoskoter-och-ved.jpg","width":1024,"height":1024},{"@type":"BreadcrumbList","@id":"https:\/\/baghall.se\/en\/produkt\/baghall-xl-antrachite-grey-kopia\/#breadcrumb","itemListElement":[{"@type":"ListItem","position":1,"name":"Home","item":"https:\/\/baghall.se\/en\/"},{"@type":"ListItem","position":2,"name":"Shop","item":"https:\/\/baghall.se\/en\/shop\/"},{"@type":"ListItem","position":3,"name":"B\u00e5ghall XL Antrachite Grey (kopia)"}]},{"@type":"WebSite","@id":"https:\/\/baghall.se\/en\/#website","url":"https:\/\/baghall.se\/en\/","name":"B\u00e5ghall","description":"Flyttbara vindskydd f\u00f6r n\u00f6t, h\u00e4st och f\u00e5r","publisher":{"@id":"https:\/\/baghall.se\/en\/#organization"},"potentialAction":[{"@type":"SearchAction","target":{"@type":"EntryPoint","urlTemplate":"https:\/\/baghall.se\/en\/?s={search_term_string}"},"query-input":{"@type":"PropertyValueSpecification","valueRequired":true,"valueName":"search_term_string"}}],"inLanguage":"en-US"},{"@type":"Organization","@id":"https:\/\/baghall.se\/en\/#organization","name":"Furab AB","url":"https:\/\/baghall.se\/en\/","logo":{"@type":"ImageObject","inLanguage":"en-US","@id":"https:\/\/baghall.se\/en\/#\/schema\/logo\/image\/","url":"http:\/\/baghall.se\/wp-content\/uploads\/2020\/01\/FURAB-AB.png","contentUrl":"http:\/\/baghall.se\/wp-content\/uploads\/2020\/01\/FURAB-AB.png","width":2047,"height":632,"caption":"Furab AB"},"image":{"@id":"https:\/\/baghall.se\/en\/#\/schema\/logo\/image\/"},"sameAs":["https:\/\/www.facebook.com\/furabfodersystem\/"]}]}},"jetpack_sharing_enabled":true,"_links":{"self":[{"href":"https:\/\/baghall.se\/en\/wp-json\/wp\/v2\/product\/7232","targetHints":{"allow":["GET"]}}],"collection":[{"href":"https:\/\/baghall.se\/en\/wp-json\/wp\/v2\/product"}],"about":[{"href":"https:\/\/baghall.se\/en\/wp-json\/wp\/v2\/types\/product"}],"replies":[{"embeddable":true,"href":"https:\/\/baghall.se\/en\/wp-json\/wp\/v2\/comments?post=7232"}],"wp:featuredmedia":[{"embeddable":true,"href":"https:\/\/baghall.se\/en\/wp-json\/wp\/v2\/media\/7234"}],"wp:attachment":[{"href":"https:\/\/baghall.se\/en\/wp-json\/wp\/v2\/media?parent=7232"}],"wp:term":[{"taxonomy":"product_brand","embeddable":true,"href":"https:\/\/baghall.se\/en\/wp-json\/wp\/v2\/product_brand?post=7232"},{"taxonomy":"product_cat","embeddable":true,"href":"https:\/\/baghall.se\/en\/wp-json\/wp\/v2\/product_cat?post=7232"},{"taxonomy":"product_tag","embeddable":true,"href":"https:\/\/baghall.se\/en\/wp-json\/wp\/v2\/product_tag?post=7232"}],"curies":[{"name":"wp","href":"https:\/\/api.w.org\/{rel}","templated":true}]}}