{"id":6852,"date":"2024-04-12T14:26:57","date_gmt":"2024-04-12T12:26:57","guid":{"rendered":"https:\/\/baghall.se\/?post_type=product&#038;p=6852"},"modified":"2025-02-04T09:53:42","modified_gmt":"2025-02-04T08:53:42","slug":"ground-stake-set-kopia","status":"publish","type":"product","link":"https:\/\/baghall.se\/en\/produkt\/ground-stake-set-kopia\/","title":{"rendered":"Safety Set for Fixed Mounting"},"content":{"rendered":"<p><strong>Robust Expansion Bolts for Stable Securing of Arch Halls<\/strong><\/p>\n<p>Upgrade your arch hall installation with our set of 12 hot-dip galvanized expansion bolts, specifically designed for the secure fastening of arch halls to concrete curbs or base plates. Each set includes 12 expansion bolts, each with a length of 150 mm, providing a strong and reliable foundation for your arch hall.<\/p>\n<p>These bolts are built to withstand harsh weather conditions and long-term use. They come hot-dip galvanized, a process that adds an extra layer of protection against corrosion and rust. This treatment not only extends the lifespan of the expansion bolts but also ensures that your arch hall remains stable and secure over time.<\/p>\n","protected":false},"excerpt":{"rendered":"<p>Robust Expansion Bolts for Stable Securing of Arch Halls Upgrade your arch hall installation with our set of 12 hot-dip galvanized expansion bolts, specifically designed for the secure fastening of arch halls to concrete curbs or base plates. Each set includes 12 expansion bolts, each with a length of 150 mm, providing a strong and [&hellip;]<\/p>\n","protected":false},"featured_media":6854,"comment_status":"closed","ping_status":"closed","template":"","meta":{"_acf_changed":false,"inline_featured_image":false},"product_brand":[],"product_cat":[191,192,193,194,195,196],"product_tag":[],"class_list":{"0":"post-6852","1":"product","2":"type-product","3":"status-publish","4":"has-post-thumbnail","6":"product_cat-sheep","7":"product_cat-hast-en","8":"product_cat-not-en","9":"product_cat-garage-en","10":"product_cat-husbil-husvagn-en","11":"product_cat-baghall-en","13":"first","14":"instock","15":"taxable","16":"shipping-taxable","17":"purchasable","18":"product-type-simple"},"acf":[],"yoast_head":"<!-- This site is optimized with the Yoast SEO plugin v26.8 - https:\/\/yoast.com\/product\/yoast-seo-wordpress\/ -->\n<title>Safety Set for Fixed Mounting - B\u00e5ghall<\/title>\n<meta name=\"robots\" content=\"index, follow, max-snippet:-1, max-image-preview:large, max-video-preview:-1\" \/>\n<link rel=\"canonical\" href=\"https:\/\/baghall.se\/en\/produkt\/ground-stake-set-kopia\/\" \/>\n<meta property=\"og:locale\" content=\"en_US\" \/>\n<meta property=\"og:type\" content=\"article\" \/>\n<meta property=\"og:title\" content=\"Safety Set for Fixed Mounting - B\u00e5ghall\" \/>\n<meta property=\"og:description\" content=\"Robust Expansion Bolts for Stable Securing of Arch Halls Upgrade your arch hall installation with our set of 12 hot-dip galvanized expansion bolts, specifically designed for the secure fastening of arch halls to concrete curbs or base plates. Each set includes 12 expansion bolts, each with a length of 150 mm, providing a strong and [&hellip;]\" \/>\n<meta property=\"og:url\" content=\"https:\/\/baghall.se\/en\/produkt\/ground-stake-set-kopia\/\" \/>\n<meta property=\"og:site_name\" content=\"B\u00e5ghall\" \/>\n<meta property=\"article:publisher\" content=\"https:\/\/www.facebook.com\/furabfodersystem\/\" \/>\n<meta property=\"article:modified_time\" content=\"2025-02-04T08:53:42+00:00\" \/>\n<meta property=\"og:image\" content=\"http:\/\/baghall.se\/wp-content\/uploads\/2024\/04\/expanderbult-vfz.jpg\" \/>\n\t<meta property=\"og:image:width\" content=\"800\" \/>\n\t<meta property=\"og:image:height\" content=\"158\" \/>\n\t<meta property=\"og:image:type\" content=\"image\/jpeg\" \/>\n<meta name=\"twitter:card\" content=\"summary_large_image\" \/>\n<meta name=\"twitter:label1\" content=\"Est. reading time\" \/>\n\t<meta name=\"twitter:data1\" content=\"1 minute\" \/>\n<script type=\"application\/ld+json\" class=\"yoast-schema-graph\">{\"@context\":\"https:\/\/schema.org\",\"@graph\":[{\"@type\":\"WebPage\",\"@id\":\"https:\/\/baghall.se\/en\/produkt\/ground-stake-set-kopia\/\",\"url\":\"https:\/\/baghall.se\/en\/produkt\/ground-stake-set-kopia\/\",\"name\":\"Safety Set for Fixed Mounting - B\u00e5ghall\",\"isPartOf\":{\"@id\":\"https:\/\/baghall.se\/en\/#website\"},\"primaryImageOfPage\":{\"@id\":\"https:\/\/baghall.se\/en\/produkt\/ground-stake-set-kopia\/#primaryimage\"},\"image\":{\"@id\":\"https:\/\/baghall.se\/en\/produkt\/ground-stake-set-kopia\/#primaryimage\"},\"thumbnailUrl\":\"https:\/\/baghall.se\/wp-content\/uploads\/2024\/04\/expanderbult-vfz.jpg\",\"datePublished\":\"2024-04-12T12:26:57+00:00\",\"dateModified\":\"2025-02-04T08:53:42+00:00\",\"breadcrumb\":{\"@id\":\"https:\/\/baghall.se\/en\/produkt\/ground-stake-set-kopia\/#breadcrumb\"},\"inLanguage\":\"en-US\",\"potentialAction\":[{\"@type\":\"ReadAction\",\"target\":[\"https:\/\/baghall.se\/en\/produkt\/ground-stake-set-kopia\/\"]}]},{\"@type\":\"ImageObject\",\"inLanguage\":\"en-US\",\"@id\":\"https:\/\/baghall.se\/en\/produkt\/ground-stake-set-kopia\/#primaryimage\",\"url\":\"https:\/\/baghall.se\/wp-content\/uploads\/2024\/04\/expanderbult-vfz.jpg\",\"contentUrl\":\"https:\/\/baghall.se\/wp-content\/uploads\/2024\/04\/expanderbult-vfz.jpg\",\"width\":800,\"height\":158},{\"@type\":\"BreadcrumbList\",\"@id\":\"https:\/\/baghall.se\/en\/produkt\/ground-stake-set-kopia\/#breadcrumb\",\"itemListElement\":[{\"@type\":\"ListItem\",\"position\":1,\"name\":\"Home\",\"item\":\"https:\/\/baghall.se\/en\/\"},{\"@type\":\"ListItem\",\"position\":2,\"name\":\"Shop\",\"item\":\"https:\/\/baghall.se\/en\/shop\/\"},{\"@type\":\"ListItem\",\"position\":3,\"name\":\"Safety Set for Fixed Mounting\"}]},{\"@type\":\"WebSite\",\"@id\":\"https:\/\/baghall.se\/en\/#website\",\"url\":\"https:\/\/baghall.se\/en\/\",\"name\":\"B\u00e5ghall\",\"description\":\"Flyttbara vindskydd f\u00f6r n\u00f6t, h\u00e4st och f\u00e5r\",\"publisher\":{\"@id\":\"https:\/\/baghall.se\/en\/#organization\"},\"potentialAction\":[{\"@type\":\"SearchAction\",\"target\":{\"@type\":\"EntryPoint\",\"urlTemplate\":\"https:\/\/baghall.se\/en\/?s={search_term_string}\"},\"query-input\":{\"@type\":\"PropertyValueSpecification\",\"valueRequired\":true,\"valueName\":\"search_term_string\"}}],\"inLanguage\":\"en-US\"},{\"@type\":\"Organization\",\"@id\":\"https:\/\/baghall.se\/en\/#organization\",\"name\":\"Furab AB\",\"url\":\"https:\/\/baghall.se\/en\/\",\"logo\":{\"@type\":\"ImageObject\",\"inLanguage\":\"en-US\",\"@id\":\"https:\/\/baghall.se\/en\/#\/schema\/logo\/image\/\",\"url\":\"http:\/\/baghall.se\/wp-content\/uploads\/2020\/01\/FURAB-AB.png\",\"contentUrl\":\"http:\/\/baghall.se\/wp-content\/uploads\/2020\/01\/FURAB-AB.png\",\"width\":2047,\"height\":632,\"caption\":\"Furab AB\"},\"image\":{\"@id\":\"https:\/\/baghall.se\/en\/#\/schema\/logo\/image\/\"},\"sameAs\":[\"https:\/\/www.facebook.com\/furabfodersystem\/\"]}]}<\/script>\n<!-- \/ Yoast SEO plugin. -->","yoast_head_json":{"title":"Safety Set for Fixed Mounting - B\u00e5ghall","robots":{"index":"index","follow":"follow","max-snippet":"max-snippet:-1","max-image-preview":"max-image-preview:large","max-video-preview":"max-video-preview:-1"},"canonical":"https:\/\/baghall.se\/en\/produkt\/ground-stake-set-kopia\/","og_locale":"en_US","og_type":"article","og_title":"Safety Set for Fixed Mounting - B\u00e5ghall","og_description":"Robust Expansion Bolts for Stable Securing of Arch Halls Upgrade your arch hall installation with our set of 12 hot-dip galvanized expansion bolts, specifically designed for the secure fastening of arch halls to concrete curbs or base plates. Each set includes 12 expansion bolts, each with a length of 150 mm, providing a strong and [&hellip;]","og_url":"https:\/\/baghall.se\/en\/produkt\/ground-stake-set-kopia\/","og_site_name":"B\u00e5ghall","article_publisher":"https:\/\/www.facebook.com\/furabfodersystem\/","article_modified_time":"2025-02-04T08:53:42+00:00","og_image":[{"width":800,"height":158,"url":"http:\/\/baghall.se\/wp-content\/uploads\/2024\/04\/expanderbult-vfz.jpg","type":"image\/jpeg"}],"twitter_card":"summary_large_image","twitter_misc":{"Est. reading time":"1 minute"},"schema":{"@context":"https:\/\/schema.org","@graph":[{"@type":"WebPage","@id":"https:\/\/baghall.se\/en\/produkt\/ground-stake-set-kopia\/","url":"https:\/\/baghall.se\/en\/produkt\/ground-stake-set-kopia\/","name":"Safety Set for Fixed Mounting - B\u00e5ghall","isPartOf":{"@id":"https:\/\/baghall.se\/en\/#website"},"primaryImageOfPage":{"@id":"https:\/\/baghall.se\/en\/produkt\/ground-stake-set-kopia\/#primaryimage"},"image":{"@id":"https:\/\/baghall.se\/en\/produkt\/ground-stake-set-kopia\/#primaryimage"},"thumbnailUrl":"https:\/\/baghall.se\/wp-content\/uploads\/2024\/04\/expanderbult-vfz.jpg","datePublished":"2024-04-12T12:26:57+00:00","dateModified":"2025-02-04T08:53:42+00:00","breadcrumb":{"@id":"https:\/\/baghall.se\/en\/produkt\/ground-stake-set-kopia\/#breadcrumb"},"inLanguage":"en-US","potentialAction":[{"@type":"ReadAction","target":["https:\/\/baghall.se\/en\/produkt\/ground-stake-set-kopia\/"]}]},{"@type":"ImageObject","inLanguage":"en-US","@id":"https:\/\/baghall.se\/en\/produkt\/ground-stake-set-kopia\/#primaryimage","url":"https:\/\/baghall.se\/wp-content\/uploads\/2024\/04\/expanderbult-vfz.jpg","contentUrl":"https:\/\/baghall.se\/wp-content\/uploads\/2024\/04\/expanderbult-vfz.jpg","width":800,"height":158},{"@type":"BreadcrumbList","@id":"https:\/\/baghall.se\/en\/produkt\/ground-stake-set-kopia\/#breadcrumb","itemListElement":[{"@type":"ListItem","position":1,"name":"Home","item":"https:\/\/baghall.se\/en\/"},{"@type":"ListItem","position":2,"name":"Shop","item":"https:\/\/baghall.se\/en\/shop\/"},{"@type":"ListItem","position":3,"name":"Safety Set for Fixed Mounting"}]},{"@type":"WebSite","@id":"https:\/\/baghall.se\/en\/#website","url":"https:\/\/baghall.se\/en\/","name":"B\u00e5ghall","description":"Flyttbara vindskydd f\u00f6r n\u00f6t, h\u00e4st och f\u00e5r","publisher":{"@id":"https:\/\/baghall.se\/en\/#organization"},"potentialAction":[{"@type":"SearchAction","target":{"@type":"EntryPoint","urlTemplate":"https:\/\/baghall.se\/en\/?s={search_term_string}"},"query-input":{"@type":"PropertyValueSpecification","valueRequired":true,"valueName":"search_term_string"}}],"inLanguage":"en-US"},{"@type":"Organization","@id":"https:\/\/baghall.se\/en\/#organization","name":"Furab AB","url":"https:\/\/baghall.se\/en\/","logo":{"@type":"ImageObject","inLanguage":"en-US","@id":"https:\/\/baghall.se\/en\/#\/schema\/logo\/image\/","url":"http:\/\/baghall.se\/wp-content\/uploads\/2020\/01\/FURAB-AB.png","contentUrl":"http:\/\/baghall.se\/wp-content\/uploads\/2020\/01\/FURAB-AB.png","width":2047,"height":632,"caption":"Furab AB"},"image":{"@id":"https:\/\/baghall.se\/en\/#\/schema\/logo\/image\/"},"sameAs":["https:\/\/www.facebook.com\/furabfodersystem\/"]}]}},"jetpack_sharing_enabled":true,"_links":{"self":[{"href":"https:\/\/baghall.se\/en\/wp-json\/wp\/v2\/product\/6852","targetHints":{"allow":["GET"]}}],"collection":[{"href":"https:\/\/baghall.se\/en\/wp-json\/wp\/v2\/product"}],"about":[{"href":"https:\/\/baghall.se\/en\/wp-json\/wp\/v2\/types\/product"}],"replies":[{"embeddable":true,"href":"https:\/\/baghall.se\/en\/wp-json\/wp\/v2\/comments?post=6852"}],"wp:featuredmedia":[{"embeddable":true,"href":"https:\/\/baghall.se\/en\/wp-json\/wp\/v2\/media\/6854"}],"wp:attachment":[{"href":"https:\/\/baghall.se\/en\/wp-json\/wp\/v2\/media?parent=6852"}],"wp:term":[{"taxonomy":"product_brand","embeddable":true,"href":"https:\/\/baghall.se\/en\/wp-json\/wp\/v2\/product_brand?post=6852"},{"taxonomy":"product_cat","embeddable":true,"href":"https:\/\/baghall.se\/en\/wp-json\/wp\/v2\/product_cat?post=6852"},{"taxonomy":"product_tag","embeddable":true,"href":"https:\/\/baghall.se\/en\/wp-json\/wp\/v2\/product_tag?post=6852"}],"curies":[{"name":"wp","href":"https:\/\/api.w.org\/{rel}","templated":true}]}}