{"id":6660,"date":"2023-11-08T11:27:36","date_gmt":"2023-11-08T10:27:36","guid":{"rendered":"https:\/\/baghall.se\/produkt\/foderkrubba-mellan-m-rorhylsa\/"},"modified":"2024-03-05T09:46:28","modified_gmt":"2024-03-05T08:46:28","slug":"foderkrubba-mellan-m-rorhylsa","status":"publish","type":"product","link":"https:\/\/baghall.se\/en\/produkt\/foderkrubba-mellan-m-rorhylsa\/","title":{"rendered":"Feed trough &#8211; Medium"},"content":{"rendered":"<p>Concrete feed troughs provide a flexible system where no fixed installations are required. Perfect for temporary animal spaces with smooth floors, outdoor feeding, or where feeding and manure handling occur from the same direction. The troughs are also suitable for use on mobile feeding tables to keep the feed together and improve hygiene since dirty tractor tires do not come into contact with the feed.<\/p>\n<p>The troughs have embedded sleeves for posts. Underneath the trough, there are recesses for pallet forks, making it very easy to move when needed.<\/p>\n<p>Dimensions: Length 3000 mm, Width 1150 mm, Height 800 mm.<\/p>\n<p>&nbsp;<\/p>\n","protected":false},"excerpt":{"rendered":"<p>Concrete feed troughs provide a flexible system where no fixed installations are required. Perfect for temporary animal spaces with smooth floors, outdoor feeding, or where feeding and manure handling occur from the same direction. The troughs are also suitable for use on mobile feeding tables to keep the feed together and improve hygiene since dirty [&hellip;]<\/p>\n","protected":false},"featured_media":6543,"comment_status":"closed","ping_status":"closed","template":"","meta":{"_acf_changed":false,"inline_featured_image":false},"product_brand":[],"product_cat":[193],"product_tag":[],"class_list":{"0":"post-6660","1":"product","2":"type-product","3":"status-publish","4":"has-post-thumbnail","6":"product_cat-not-en","8":"first","9":"instock","10":"taxable","11":"shipping-taxable","12":"purchasable","13":"product-type-simple"},"acf":[],"yoast_head":"<!-- This site is optimized with the Yoast SEO plugin v26.8 - https:\/\/yoast.com\/product\/yoast-seo-wordpress\/ -->\n<title>Feed trough - Medium - B\u00e5ghall<\/title>\n<meta name=\"robots\" content=\"index, follow, max-snippet:-1, max-image-preview:large, max-video-preview:-1\" \/>\n<link rel=\"canonical\" href=\"https:\/\/baghall.se\/en\/produkt\/foderkrubba-mellan-m-rorhylsa\/\" \/>\n<meta property=\"og:locale\" content=\"en_US\" \/>\n<meta property=\"og:type\" content=\"article\" \/>\n<meta property=\"og:title\" content=\"Feed trough - Medium - B\u00e5ghall\" \/>\n<meta property=\"og:description\" content=\"Concrete feed troughs provide a flexible system where no fixed installations are required. Perfect for temporary animal spaces with smooth floors, outdoor feeding, or where feeding and manure handling occur from the same direction. The troughs are also suitable for use on mobile feeding tables to keep the feed together and improve hygiene since dirty [&hellip;]\" \/>\n<meta property=\"og:url\" content=\"https:\/\/baghall.se\/en\/produkt\/foderkrubba-mellan-m-rorhylsa\/\" \/>\n<meta property=\"og:site_name\" content=\"B\u00e5ghall\" \/>\n<meta property=\"article:publisher\" content=\"https:\/\/www.facebook.com\/furabfodersystem\/\" \/>\n<meta property=\"article:modified_time\" content=\"2024-03-05T08:46:28+00:00\" \/>\n<meta property=\"og:image\" content=\"http:\/\/baghall.se\/wp-content\/uploads\/2023\/11\/foderkrubba-liten-vinninga-cement-600x600-1.jpg\" \/>\n\t<meta property=\"og:image:width\" content=\"600\" \/>\n\t<meta property=\"og:image:height\" content=\"600\" \/>\n\t<meta property=\"og:image:type\" content=\"image\/jpeg\" \/>\n<meta name=\"twitter:card\" content=\"summary_large_image\" \/>\n<meta name=\"twitter:label1\" content=\"Est. reading time\" \/>\n\t<meta name=\"twitter:data1\" content=\"1 minute\" \/>\n<script type=\"application\/ld+json\" class=\"yoast-schema-graph\">{\"@context\":\"https:\/\/schema.org\",\"@graph\":[{\"@type\":\"WebPage\",\"@id\":\"https:\/\/baghall.se\/en\/produkt\/foderkrubba-mellan-m-rorhylsa\/\",\"url\":\"https:\/\/baghall.se\/en\/produkt\/foderkrubba-mellan-m-rorhylsa\/\",\"name\":\"Feed trough - Medium - B\u00e5ghall\",\"isPartOf\":{\"@id\":\"https:\/\/baghall.se\/en\/#website\"},\"primaryImageOfPage\":{\"@id\":\"https:\/\/baghall.se\/en\/produkt\/foderkrubba-mellan-m-rorhylsa\/#primaryimage\"},\"image\":{\"@id\":\"https:\/\/baghall.se\/en\/produkt\/foderkrubba-mellan-m-rorhylsa\/#primaryimage\"},\"thumbnailUrl\":\"https:\/\/baghall.se\/wp-content\/uploads\/2023\/11\/foderkrubba-liten-vinninga-cement-600x600-1.jpg\",\"datePublished\":\"2023-11-08T10:27:36+00:00\",\"dateModified\":\"2024-03-05T08:46:28+00:00\",\"breadcrumb\":{\"@id\":\"https:\/\/baghall.se\/en\/produkt\/foderkrubba-mellan-m-rorhylsa\/#breadcrumb\"},\"inLanguage\":\"en-US\",\"potentialAction\":[{\"@type\":\"ReadAction\",\"target\":[\"https:\/\/baghall.se\/en\/produkt\/foderkrubba-mellan-m-rorhylsa\/\"]}]},{\"@type\":\"ImageObject\",\"inLanguage\":\"en-US\",\"@id\":\"https:\/\/baghall.se\/en\/produkt\/foderkrubba-mellan-m-rorhylsa\/#primaryimage\",\"url\":\"https:\/\/baghall.se\/wp-content\/uploads\/2023\/11\/foderkrubba-liten-vinninga-cement-600x600-1.jpg\",\"contentUrl\":\"https:\/\/baghall.se\/wp-content\/uploads\/2023\/11\/foderkrubba-liten-vinninga-cement-600x600-1.jpg\",\"width\":600,\"height\":600},{\"@type\":\"BreadcrumbList\",\"@id\":\"https:\/\/baghall.se\/en\/produkt\/foderkrubba-mellan-m-rorhylsa\/#breadcrumb\",\"itemListElement\":[{\"@type\":\"ListItem\",\"position\":1,\"name\":\"Home\",\"item\":\"https:\/\/baghall.se\/en\/\"},{\"@type\":\"ListItem\",\"position\":2,\"name\":\"Shop\",\"item\":\"https:\/\/baghall.se\/en\/shop\/\"},{\"@type\":\"ListItem\",\"position\":3,\"name\":\"Feed trough &#8211; Medium\"}]},{\"@type\":\"WebSite\",\"@id\":\"https:\/\/baghall.se\/en\/#website\",\"url\":\"https:\/\/baghall.se\/en\/\",\"name\":\"B\u00e5ghall\",\"description\":\"Flyttbara vindskydd f\u00f6r n\u00f6t, h\u00e4st och f\u00e5r\",\"publisher\":{\"@id\":\"https:\/\/baghall.se\/en\/#organization\"},\"potentialAction\":[{\"@type\":\"SearchAction\",\"target\":{\"@type\":\"EntryPoint\",\"urlTemplate\":\"https:\/\/baghall.se\/en\/?s={search_term_string}\"},\"query-input\":{\"@type\":\"PropertyValueSpecification\",\"valueRequired\":true,\"valueName\":\"search_term_string\"}}],\"inLanguage\":\"en-US\"},{\"@type\":\"Organization\",\"@id\":\"https:\/\/baghall.se\/en\/#organization\",\"name\":\"Furab AB\",\"url\":\"https:\/\/baghall.se\/en\/\",\"logo\":{\"@type\":\"ImageObject\",\"inLanguage\":\"en-US\",\"@id\":\"https:\/\/baghall.se\/en\/#\/schema\/logo\/image\/\",\"url\":\"http:\/\/baghall.se\/wp-content\/uploads\/2020\/01\/FURAB-AB.png\",\"contentUrl\":\"http:\/\/baghall.se\/wp-content\/uploads\/2020\/01\/FURAB-AB.png\",\"width\":2047,\"height\":632,\"caption\":\"Furab AB\"},\"image\":{\"@id\":\"https:\/\/baghall.se\/en\/#\/schema\/logo\/image\/\"},\"sameAs\":[\"https:\/\/www.facebook.com\/furabfodersystem\/\"]}]}<\/script>\n<!-- \/ Yoast SEO plugin. -->","yoast_head_json":{"title":"Feed trough - Medium - B\u00e5ghall","robots":{"index":"index","follow":"follow","max-snippet":"max-snippet:-1","max-image-preview":"max-image-preview:large","max-video-preview":"max-video-preview:-1"},"canonical":"https:\/\/baghall.se\/en\/produkt\/foderkrubba-mellan-m-rorhylsa\/","og_locale":"en_US","og_type":"article","og_title":"Feed trough - Medium - B\u00e5ghall","og_description":"Concrete feed troughs provide a flexible system where no fixed installations are required. Perfect for temporary animal spaces with smooth floors, outdoor feeding, or where feeding and manure handling occur from the same direction. The troughs are also suitable for use on mobile feeding tables to keep the feed together and improve hygiene since dirty [&hellip;]","og_url":"https:\/\/baghall.se\/en\/produkt\/foderkrubba-mellan-m-rorhylsa\/","og_site_name":"B\u00e5ghall","article_publisher":"https:\/\/www.facebook.com\/furabfodersystem\/","article_modified_time":"2024-03-05T08:46:28+00:00","og_image":[{"width":600,"height":600,"url":"http:\/\/baghall.se\/wp-content\/uploads\/2023\/11\/foderkrubba-liten-vinninga-cement-600x600-1.jpg","type":"image\/jpeg"}],"twitter_card":"summary_large_image","twitter_misc":{"Est. reading time":"1 minute"},"schema":{"@context":"https:\/\/schema.org","@graph":[{"@type":"WebPage","@id":"https:\/\/baghall.se\/en\/produkt\/foderkrubba-mellan-m-rorhylsa\/","url":"https:\/\/baghall.se\/en\/produkt\/foderkrubba-mellan-m-rorhylsa\/","name":"Feed trough - Medium - B\u00e5ghall","isPartOf":{"@id":"https:\/\/baghall.se\/en\/#website"},"primaryImageOfPage":{"@id":"https:\/\/baghall.se\/en\/produkt\/foderkrubba-mellan-m-rorhylsa\/#primaryimage"},"image":{"@id":"https:\/\/baghall.se\/en\/produkt\/foderkrubba-mellan-m-rorhylsa\/#primaryimage"},"thumbnailUrl":"https:\/\/baghall.se\/wp-content\/uploads\/2023\/11\/foderkrubba-liten-vinninga-cement-600x600-1.jpg","datePublished":"2023-11-08T10:27:36+00:00","dateModified":"2024-03-05T08:46:28+00:00","breadcrumb":{"@id":"https:\/\/baghall.se\/en\/produkt\/foderkrubba-mellan-m-rorhylsa\/#breadcrumb"},"inLanguage":"en-US","potentialAction":[{"@type":"ReadAction","target":["https:\/\/baghall.se\/en\/produkt\/foderkrubba-mellan-m-rorhylsa\/"]}]},{"@type":"ImageObject","inLanguage":"en-US","@id":"https:\/\/baghall.se\/en\/produkt\/foderkrubba-mellan-m-rorhylsa\/#primaryimage","url":"https:\/\/baghall.se\/wp-content\/uploads\/2023\/11\/foderkrubba-liten-vinninga-cement-600x600-1.jpg","contentUrl":"https:\/\/baghall.se\/wp-content\/uploads\/2023\/11\/foderkrubba-liten-vinninga-cement-600x600-1.jpg","width":600,"height":600},{"@type":"BreadcrumbList","@id":"https:\/\/baghall.se\/en\/produkt\/foderkrubba-mellan-m-rorhylsa\/#breadcrumb","itemListElement":[{"@type":"ListItem","position":1,"name":"Home","item":"https:\/\/baghall.se\/en\/"},{"@type":"ListItem","position":2,"name":"Shop","item":"https:\/\/baghall.se\/en\/shop\/"},{"@type":"ListItem","position":3,"name":"Feed trough &#8211; Medium"}]},{"@type":"WebSite","@id":"https:\/\/baghall.se\/en\/#website","url":"https:\/\/baghall.se\/en\/","name":"B\u00e5ghall","description":"Flyttbara vindskydd f\u00f6r n\u00f6t, h\u00e4st och f\u00e5r","publisher":{"@id":"https:\/\/baghall.se\/en\/#organization"},"potentialAction":[{"@type":"SearchAction","target":{"@type":"EntryPoint","urlTemplate":"https:\/\/baghall.se\/en\/?s={search_term_string}"},"query-input":{"@type":"PropertyValueSpecification","valueRequired":true,"valueName":"search_term_string"}}],"inLanguage":"en-US"},{"@type":"Organization","@id":"https:\/\/baghall.se\/en\/#organization","name":"Furab AB","url":"https:\/\/baghall.se\/en\/","logo":{"@type":"ImageObject","inLanguage":"en-US","@id":"https:\/\/baghall.se\/en\/#\/schema\/logo\/image\/","url":"http:\/\/baghall.se\/wp-content\/uploads\/2020\/01\/FURAB-AB.png","contentUrl":"http:\/\/baghall.se\/wp-content\/uploads\/2020\/01\/FURAB-AB.png","width":2047,"height":632,"caption":"Furab AB"},"image":{"@id":"https:\/\/baghall.se\/en\/#\/schema\/logo\/image\/"},"sameAs":["https:\/\/www.facebook.com\/furabfodersystem\/"]}]}},"jetpack_sharing_enabled":true,"_links":{"self":[{"href":"https:\/\/baghall.se\/en\/wp-json\/wp\/v2\/product\/6660","targetHints":{"allow":["GET"]}}],"collection":[{"href":"https:\/\/baghall.se\/en\/wp-json\/wp\/v2\/product"}],"about":[{"href":"https:\/\/baghall.se\/en\/wp-json\/wp\/v2\/types\/product"}],"replies":[{"embeddable":true,"href":"https:\/\/baghall.se\/en\/wp-json\/wp\/v2\/comments?post=6660"}],"wp:featuredmedia":[{"embeddable":true,"href":"https:\/\/baghall.se\/en\/wp-json\/wp\/v2\/media\/6543"}],"wp:attachment":[{"href":"https:\/\/baghall.se\/en\/wp-json\/wp\/v2\/media?parent=6660"}],"wp:term":[{"taxonomy":"product_brand","embeddable":true,"href":"https:\/\/baghall.se\/en\/wp-json\/wp\/v2\/product_brand?post=6660"},{"taxonomy":"product_cat","embeddable":true,"href":"https:\/\/baghall.se\/en\/wp-json\/wp\/v2\/product_cat?post=6660"},{"taxonomy":"product_tag","embeddable":true,"href":"https:\/\/baghall.se\/en\/wp-json\/wp\/v2\/product_tag?post=6660"}],"curies":[{"name":"wp","href":"https:\/\/api.w.org\/{rel}","templated":true}]}}