{"id":6639,"date":"2023-02-26T16:32:10","date_gmt":"2023-02-26T15:32:10","guid":{"rendered":"https:\/\/baghall.se\/produkt\/grind-perfekt-med-dorr-305cm\/"},"modified":"2024-03-05T08:48:41","modified_gmt":"2024-03-05T07:48:41","slug":"grind-perfekt-med-dorr-305cm","status":"publish","type":"product","link":"https:\/\/baghall.se\/en\/produkt\/grind-perfekt-med-dorr-305cm\/","title":{"rendered":"Gate &#8220;Perfekt&#8221; with door 305cm"},"content":{"rendered":"<p>Mobile gate systems are indispensable for quickly, easily, and safely capturing cattle. They allow for the rapid and simple construction of catch pens, treatment lanes, and similar structures, entirely adaptable to the varying needs that may arise. The gate height is generously sized to prevent animals from being tempted to jump out of the built enclosure. The U-bend on the upper side of the gate prevents injuries if such incidents were to occur. The gates are assembled with chain locks, facilitating quick and secure connection. 10-15 gates are sufficient to build an enclosure capable of accommodating 30-40 animals.<\/p>\n<p>The gates are made of oval flat pipes, which are the strongest and most flexible way to manufacture gates that can withstand even large and heavy animals. With gate systems, one can capture cattle, build stalls, paddocks for horses, treatment facilities for cattle, and more.<\/p>\n<p>Europe&#8217;s best-selling gate system, with 300,000 units sold in Germany.<\/p>\n","protected":false},"excerpt":{"rendered":"<p>Mobile gate systems are indispensable for quickly, easily, and safely capturing cattle. They allow for the rapid and simple construction of catch pens, treatment lanes, and similar structures, entirely adaptable to the varying needs that may arise. The gate height is generously sized to prevent animals from being tempted to jump out of the built [&hellip;]<\/p>\n","protected":false},"featured_media":6478,"comment_status":"closed","ping_status":"closed","template":"","meta":{"_acf_changed":false,"inline_featured_image":false},"product_brand":[],"product_cat":[191,192,193],"product_tag":[],"class_list":{"0":"post-6639","1":"product","2":"type-product","3":"status-publish","4":"has-post-thumbnail","6":"product_cat-sheep","7":"product_cat-hast-en","8":"product_cat-not-en","10":"first","11":"instock","12":"taxable","13":"shipping-taxable","14":"purchasable","15":"product-type-simple"},"acf":[],"yoast_head":"<!-- This site is optimized with the Yoast SEO plugin v26.8 - https:\/\/yoast.com\/product\/yoast-seo-wordpress\/ -->\n<title>Gate &quot;Perfekt&quot; with door 305cm - B\u00e5ghall<\/title>\n<meta name=\"robots\" content=\"index, follow, max-snippet:-1, max-image-preview:large, max-video-preview:-1\" \/>\n<link rel=\"canonical\" href=\"https:\/\/baghall.se\/en\/produkt\/grind-perfekt-med-dorr-305cm\/\" \/>\n<meta property=\"og:locale\" content=\"en_US\" \/>\n<meta property=\"og:type\" content=\"article\" \/>\n<meta property=\"og:title\" content=\"Gate &quot;Perfekt&quot; with door 305cm - B\u00e5ghall\" \/>\n<meta property=\"og:description\" content=\"Mobile gate systems are indispensable for quickly, easily, and safely capturing cattle. They allow for the rapid and simple construction of catch pens, treatment lanes, and similar structures, entirely adaptable to the varying needs that may arise. The gate height is generously sized to prevent animals from being tempted to jump out of the built [&hellip;]\" \/>\n<meta property=\"og:url\" content=\"https:\/\/baghall.se\/en\/produkt\/grind-perfekt-med-dorr-305cm\/\" \/>\n<meta property=\"og:site_name\" content=\"B\u00e5ghall\" \/>\n<meta property=\"article:publisher\" content=\"https:\/\/www.facebook.com\/furabfodersystem\/\" \/>\n<meta property=\"article:modified_time\" content=\"2024-03-05T07:48:41+00:00\" \/>\n<meta property=\"og:image\" content=\"http:\/\/baghall.se\/wp-content\/uploads\/2023\/02\/grind-med-dorr-scaled.jpg\" \/>\n\t<meta property=\"og:image:width\" content=\"2560\" \/>\n\t<meta property=\"og:image:height\" content=\"2560\" \/>\n\t<meta property=\"og:image:type\" content=\"image\/jpeg\" \/>\n<meta name=\"twitter:card\" content=\"summary_large_image\" \/>\n<meta name=\"twitter:label1\" content=\"Est. reading time\" \/>\n\t<meta name=\"twitter:data1\" content=\"1 minute\" \/>\n<script type=\"application\/ld+json\" class=\"yoast-schema-graph\">{\"@context\":\"https:\/\/schema.org\",\"@graph\":[{\"@type\":\"WebPage\",\"@id\":\"https:\/\/baghall.se\/en\/produkt\/grind-perfekt-med-dorr-305cm\/\",\"url\":\"https:\/\/baghall.se\/en\/produkt\/grind-perfekt-med-dorr-305cm\/\",\"name\":\"Gate \\\"Perfekt\\\" with door 305cm - B\u00e5ghall\",\"isPartOf\":{\"@id\":\"https:\/\/baghall.se\/en\/#website\"},\"primaryImageOfPage\":{\"@id\":\"https:\/\/baghall.se\/en\/produkt\/grind-perfekt-med-dorr-305cm\/#primaryimage\"},\"image\":{\"@id\":\"https:\/\/baghall.se\/en\/produkt\/grind-perfekt-med-dorr-305cm\/#primaryimage\"},\"thumbnailUrl\":\"https:\/\/baghall.se\/wp-content\/uploads\/2023\/02\/grind-med-dorr-scaled.jpg\",\"datePublished\":\"2023-02-26T15:32:10+00:00\",\"dateModified\":\"2024-03-05T07:48:41+00:00\",\"breadcrumb\":{\"@id\":\"https:\/\/baghall.se\/en\/produkt\/grind-perfekt-med-dorr-305cm\/#breadcrumb\"},\"inLanguage\":\"en-US\",\"potentialAction\":[{\"@type\":\"ReadAction\",\"target\":[\"https:\/\/baghall.se\/en\/produkt\/grind-perfekt-med-dorr-305cm\/\"]}]},{\"@type\":\"ImageObject\",\"inLanguage\":\"en-US\",\"@id\":\"https:\/\/baghall.se\/en\/produkt\/grind-perfekt-med-dorr-305cm\/#primaryimage\",\"url\":\"https:\/\/baghall.se\/wp-content\/uploads\/2023\/02\/grind-med-dorr-scaled.jpg\",\"contentUrl\":\"https:\/\/baghall.se\/wp-content\/uploads\/2023\/02\/grind-med-dorr-scaled.jpg\",\"width\":2560,\"height\":2560},{\"@type\":\"BreadcrumbList\",\"@id\":\"https:\/\/baghall.se\/en\/produkt\/grind-perfekt-med-dorr-305cm\/#breadcrumb\",\"itemListElement\":[{\"@type\":\"ListItem\",\"position\":1,\"name\":\"Home\",\"item\":\"https:\/\/baghall.se\/en\/\"},{\"@type\":\"ListItem\",\"position\":2,\"name\":\"Shop\",\"item\":\"https:\/\/baghall.se\/en\/shop\/\"},{\"@type\":\"ListItem\",\"position\":3,\"name\":\"Gate &#8220;Perfekt&#8221; with door 305cm\"}]},{\"@type\":\"WebSite\",\"@id\":\"https:\/\/baghall.se\/en\/#website\",\"url\":\"https:\/\/baghall.se\/en\/\",\"name\":\"B\u00e5ghall\",\"description\":\"Flyttbara vindskydd f\u00f6r n\u00f6t, h\u00e4st och f\u00e5r\",\"publisher\":{\"@id\":\"https:\/\/baghall.se\/en\/#organization\"},\"potentialAction\":[{\"@type\":\"SearchAction\",\"target\":{\"@type\":\"EntryPoint\",\"urlTemplate\":\"https:\/\/baghall.se\/en\/?s={search_term_string}\"},\"query-input\":{\"@type\":\"PropertyValueSpecification\",\"valueRequired\":true,\"valueName\":\"search_term_string\"}}],\"inLanguage\":\"en-US\"},{\"@type\":\"Organization\",\"@id\":\"https:\/\/baghall.se\/en\/#organization\",\"name\":\"Furab AB\",\"url\":\"https:\/\/baghall.se\/en\/\",\"logo\":{\"@type\":\"ImageObject\",\"inLanguage\":\"en-US\",\"@id\":\"https:\/\/baghall.se\/en\/#\/schema\/logo\/image\/\",\"url\":\"http:\/\/baghall.se\/wp-content\/uploads\/2020\/01\/FURAB-AB.png\",\"contentUrl\":\"http:\/\/baghall.se\/wp-content\/uploads\/2020\/01\/FURAB-AB.png\",\"width\":2047,\"height\":632,\"caption\":\"Furab AB\"},\"image\":{\"@id\":\"https:\/\/baghall.se\/en\/#\/schema\/logo\/image\/\"},\"sameAs\":[\"https:\/\/www.facebook.com\/furabfodersystem\/\"]}]}<\/script>\n<!-- \/ Yoast SEO plugin. -->","yoast_head_json":{"title":"Gate \"Perfekt\" with door 305cm - B\u00e5ghall","robots":{"index":"index","follow":"follow","max-snippet":"max-snippet:-1","max-image-preview":"max-image-preview:large","max-video-preview":"max-video-preview:-1"},"canonical":"https:\/\/baghall.se\/en\/produkt\/grind-perfekt-med-dorr-305cm\/","og_locale":"en_US","og_type":"article","og_title":"Gate \"Perfekt\" with door 305cm - B\u00e5ghall","og_description":"Mobile gate systems are indispensable for quickly, easily, and safely capturing cattle. They allow for the rapid and simple construction of catch pens, treatment lanes, and similar structures, entirely adaptable to the varying needs that may arise. The gate height is generously sized to prevent animals from being tempted to jump out of the built [&hellip;]","og_url":"https:\/\/baghall.se\/en\/produkt\/grind-perfekt-med-dorr-305cm\/","og_site_name":"B\u00e5ghall","article_publisher":"https:\/\/www.facebook.com\/furabfodersystem\/","article_modified_time":"2024-03-05T07:48:41+00:00","og_image":[{"width":2560,"height":2560,"url":"http:\/\/baghall.se\/wp-content\/uploads\/2023\/02\/grind-med-dorr-scaled.jpg","type":"image\/jpeg"}],"twitter_card":"summary_large_image","twitter_misc":{"Est. reading time":"1 minute"},"schema":{"@context":"https:\/\/schema.org","@graph":[{"@type":"WebPage","@id":"https:\/\/baghall.se\/en\/produkt\/grind-perfekt-med-dorr-305cm\/","url":"https:\/\/baghall.se\/en\/produkt\/grind-perfekt-med-dorr-305cm\/","name":"Gate \"Perfekt\" with door 305cm - B\u00e5ghall","isPartOf":{"@id":"https:\/\/baghall.se\/en\/#website"},"primaryImageOfPage":{"@id":"https:\/\/baghall.se\/en\/produkt\/grind-perfekt-med-dorr-305cm\/#primaryimage"},"image":{"@id":"https:\/\/baghall.se\/en\/produkt\/grind-perfekt-med-dorr-305cm\/#primaryimage"},"thumbnailUrl":"https:\/\/baghall.se\/wp-content\/uploads\/2023\/02\/grind-med-dorr-scaled.jpg","datePublished":"2023-02-26T15:32:10+00:00","dateModified":"2024-03-05T07:48:41+00:00","breadcrumb":{"@id":"https:\/\/baghall.se\/en\/produkt\/grind-perfekt-med-dorr-305cm\/#breadcrumb"},"inLanguage":"en-US","potentialAction":[{"@type":"ReadAction","target":["https:\/\/baghall.se\/en\/produkt\/grind-perfekt-med-dorr-305cm\/"]}]},{"@type":"ImageObject","inLanguage":"en-US","@id":"https:\/\/baghall.se\/en\/produkt\/grind-perfekt-med-dorr-305cm\/#primaryimage","url":"https:\/\/baghall.se\/wp-content\/uploads\/2023\/02\/grind-med-dorr-scaled.jpg","contentUrl":"https:\/\/baghall.se\/wp-content\/uploads\/2023\/02\/grind-med-dorr-scaled.jpg","width":2560,"height":2560},{"@type":"BreadcrumbList","@id":"https:\/\/baghall.se\/en\/produkt\/grind-perfekt-med-dorr-305cm\/#breadcrumb","itemListElement":[{"@type":"ListItem","position":1,"name":"Home","item":"https:\/\/baghall.se\/en\/"},{"@type":"ListItem","position":2,"name":"Shop","item":"https:\/\/baghall.se\/en\/shop\/"},{"@type":"ListItem","position":3,"name":"Gate &#8220;Perfekt&#8221; with door 305cm"}]},{"@type":"WebSite","@id":"https:\/\/baghall.se\/en\/#website","url":"https:\/\/baghall.se\/en\/","name":"B\u00e5ghall","description":"Flyttbara vindskydd f\u00f6r n\u00f6t, h\u00e4st och f\u00e5r","publisher":{"@id":"https:\/\/baghall.se\/en\/#organization"},"potentialAction":[{"@type":"SearchAction","target":{"@type":"EntryPoint","urlTemplate":"https:\/\/baghall.se\/en\/?s={search_term_string}"},"query-input":{"@type":"PropertyValueSpecification","valueRequired":true,"valueName":"search_term_string"}}],"inLanguage":"en-US"},{"@type":"Organization","@id":"https:\/\/baghall.se\/en\/#organization","name":"Furab AB","url":"https:\/\/baghall.se\/en\/","logo":{"@type":"ImageObject","inLanguage":"en-US","@id":"https:\/\/baghall.se\/en\/#\/schema\/logo\/image\/","url":"http:\/\/baghall.se\/wp-content\/uploads\/2020\/01\/FURAB-AB.png","contentUrl":"http:\/\/baghall.se\/wp-content\/uploads\/2020\/01\/FURAB-AB.png","width":2047,"height":632,"caption":"Furab AB"},"image":{"@id":"https:\/\/baghall.se\/en\/#\/schema\/logo\/image\/"},"sameAs":["https:\/\/www.facebook.com\/furabfodersystem\/"]}]}},"jetpack_sharing_enabled":true,"_links":{"self":[{"href":"https:\/\/baghall.se\/en\/wp-json\/wp\/v2\/product\/6639","targetHints":{"allow":["GET"]}}],"collection":[{"href":"https:\/\/baghall.se\/en\/wp-json\/wp\/v2\/product"}],"about":[{"href":"https:\/\/baghall.se\/en\/wp-json\/wp\/v2\/types\/product"}],"replies":[{"embeddable":true,"href":"https:\/\/baghall.se\/en\/wp-json\/wp\/v2\/comments?post=6639"}],"wp:featuredmedia":[{"embeddable":true,"href":"https:\/\/baghall.se\/en\/wp-json\/wp\/v2\/media\/6478"}],"wp:attachment":[{"href":"https:\/\/baghall.se\/en\/wp-json\/wp\/v2\/media?parent=6639"}],"wp:term":[{"taxonomy":"product_brand","embeddable":true,"href":"https:\/\/baghall.se\/en\/wp-json\/wp\/v2\/product_brand?post=6639"},{"taxonomy":"product_cat","embeddable":true,"href":"https:\/\/baghall.se\/en\/wp-json\/wp\/v2\/product_cat?post=6639"},{"taxonomy":"product_tag","embeddable":true,"href":"https:\/\/baghall.se\/en\/wp-json\/wp\/v2\/product_tag?post=6639"}],"curies":[{"name":"wp","href":"https:\/\/api.w.org\/{rel}","templated":true}]}}