{"id":6595,"date":"2024-02-06T15:57:14","date_gmt":"2024-02-06T14:57:14","guid":{"rendered":"https:\/\/baghall.se\/?post_type=product&#038;p=6595"},"modified":"2024-03-05T08:35:53","modified_gmt":"2024-03-05T07:35:53","slug":"baghall-stationar-barrgron-kopia","status":"publish","type":"product","link":"https:\/\/baghall.se\/en\/produkt\/baghall-stationar-barrgron-kopia\/","title":{"rendered":"B\u00e5ghall MINI"},"content":{"rendered":"<p>Sturdy arc hall standing on a galvanized base construction. Functions excellently as wind protection or shelter for calves, pigs, or sheep. Straight walls allow the area to be utilized optimally and fully. The hall can easily be extended \/ connected where several mini arc halls form a long hall.<\/p>\n<p>The hall is manufactured in our workshop in Lidk\u00f6ping and shipped all over Sweden. Mini arc halls are manufactured in the color fir green.<\/p>\n<p>A Mini Arc Hall has the following dimensions:<\/p>\n<p>Width Length Height 2.47m 2.55m 1.36m<\/p>\n<p>If an end gable is desired, it is ordered separately.<\/p>\n<p>The hall is prepared with brackets for bolting \/ anchoring in the ground, which is purchased separately, see our set with ground stakes.<\/p>\n<p>NOTE! The hall can be easily moved with, for example, long forks where the hall can withstand being lifted straight up.<\/p>\n<p>Packaging is not included in the price.<\/p>\n","protected":false},"excerpt":{"rendered":"<p>Sturdy arc hall standing on a galvanized base construction. Functions excellently as wind protection or shelter for calves, pigs, or sheep. Straight walls allow the area to be utilized optimally and fully. The hall can easily be extended \/ connected where several mini arc halls form a long hall. The hall is manufactured in our [&hellip;]<\/p>\n","protected":false},"featured_media":6907,"comment_status":"closed","ping_status":"closed","template":"","meta":{"_acf_changed":false,"inline_featured_image":false},"product_brand":[],"product_cat":[193,191],"product_tag":[],"class_list":{"0":"post-6595","1":"product","2":"type-product","3":"status-publish","4":"has-post-thumbnail","6":"product_cat-not-en","7":"product_cat-sheep","9":"first","10":"instock","11":"taxable","12":"shipping-taxable","13":"purchasable","14":"product-type-simple"},"acf":[],"yoast_head":"<!-- This site is optimized with the Yoast SEO plugin v26.8 - https:\/\/yoast.com\/product\/yoast-seo-wordpress\/ -->\n<title>B\u00e5ghall MINI - B\u00e5ghall<\/title>\n<meta name=\"robots\" content=\"index, follow, max-snippet:-1, max-image-preview:large, max-video-preview:-1\" \/>\n<link rel=\"canonical\" href=\"https:\/\/baghall.se\/en\/produkt\/baghall-stationar-barrgron-kopia\/\" \/>\n<meta property=\"og:locale\" content=\"en_US\" \/>\n<meta property=\"og:type\" content=\"article\" \/>\n<meta property=\"og:title\" content=\"B\u00e5ghall MINI - B\u00e5ghall\" \/>\n<meta property=\"og:description\" content=\"Sturdy arc hall standing on a galvanized base construction. Functions excellently as wind protection or shelter for calves, pigs, or sheep. Straight walls allow the area to be utilized optimally and fully. The hall can easily be extended \/ connected where several mini arc halls form a long hall. The hall is manufactured in our [&hellip;]\" \/>\n<meta property=\"og:url\" content=\"https:\/\/baghall.se\/en\/produkt\/baghall-stationar-barrgron-kopia\/\" \/>\n<meta property=\"og:site_name\" content=\"B\u00e5ghall\" \/>\n<meta property=\"article:publisher\" content=\"https:\/\/www.facebook.com\/furabfodersystem\/\" \/>\n<meta property=\"article:modified_time\" content=\"2024-03-05T07:35:53+00:00\" \/>\n<meta property=\"og:image\" content=\"http:\/\/baghall.se\/wp-content\/uploads\/2024\/02\/Baghall-mini-6.jpg\" \/>\n\t<meta property=\"og:image:width\" content=\"1368\" \/>\n\t<meta property=\"og:image:height\" content=\"998\" \/>\n\t<meta property=\"og:image:type\" content=\"image\/jpeg\" \/>\n<meta name=\"twitter:card\" content=\"summary_large_image\" \/>\n<meta name=\"twitter:label1\" content=\"Est. reading time\" \/>\n\t<meta name=\"twitter:data1\" content=\"1 minute\" \/>\n<script type=\"application\/ld+json\" class=\"yoast-schema-graph\">{\"@context\":\"https:\/\/schema.org\",\"@graph\":[{\"@type\":\"WebPage\",\"@id\":\"https:\/\/baghall.se\/en\/produkt\/baghall-stationar-barrgron-kopia\/\",\"url\":\"https:\/\/baghall.se\/en\/produkt\/baghall-stationar-barrgron-kopia\/\",\"name\":\"B\u00e5ghall MINI - B\u00e5ghall\",\"isPartOf\":{\"@id\":\"https:\/\/baghall.se\/en\/#website\"},\"primaryImageOfPage\":{\"@id\":\"https:\/\/baghall.se\/en\/produkt\/baghall-stationar-barrgron-kopia\/#primaryimage\"},\"image\":{\"@id\":\"https:\/\/baghall.se\/en\/produkt\/baghall-stationar-barrgron-kopia\/#primaryimage\"},\"thumbnailUrl\":\"https:\/\/baghall.se\/wp-content\/uploads\/2024\/02\/MINI2024-scaled.jpg\",\"datePublished\":\"2024-02-06T14:57:14+00:00\",\"dateModified\":\"2024-03-05T07:35:53+00:00\",\"breadcrumb\":{\"@id\":\"https:\/\/baghall.se\/en\/produkt\/baghall-stationar-barrgron-kopia\/#breadcrumb\"},\"inLanguage\":\"en-US\",\"potentialAction\":[{\"@type\":\"ReadAction\",\"target\":[\"https:\/\/baghall.se\/en\/produkt\/baghall-stationar-barrgron-kopia\/\"]}]},{\"@type\":\"ImageObject\",\"inLanguage\":\"en-US\",\"@id\":\"https:\/\/baghall.se\/en\/produkt\/baghall-stationar-barrgron-kopia\/#primaryimage\",\"url\":\"https:\/\/baghall.se\/wp-content\/uploads\/2024\/02\/MINI2024-scaled.jpg\",\"contentUrl\":\"https:\/\/baghall.se\/wp-content\/uploads\/2024\/02\/MINI2024-scaled.jpg\",\"width\":2560,\"height\":2091},{\"@type\":\"BreadcrumbList\",\"@id\":\"https:\/\/baghall.se\/en\/produkt\/baghall-stationar-barrgron-kopia\/#breadcrumb\",\"itemListElement\":[{\"@type\":\"ListItem\",\"position\":1,\"name\":\"Home\",\"item\":\"https:\/\/baghall.se\/en\/\"},{\"@type\":\"ListItem\",\"position\":2,\"name\":\"Shop\",\"item\":\"https:\/\/baghall.se\/en\/shop\/\"},{\"@type\":\"ListItem\",\"position\":3,\"name\":\"B\u00e5ghall MINI\"}]},{\"@type\":\"WebSite\",\"@id\":\"https:\/\/baghall.se\/en\/#website\",\"url\":\"https:\/\/baghall.se\/en\/\",\"name\":\"B\u00e5ghall\",\"description\":\"Flyttbara vindskydd f\u00f6r n\u00f6t, h\u00e4st och f\u00e5r\",\"publisher\":{\"@id\":\"https:\/\/baghall.se\/en\/#organization\"},\"potentialAction\":[{\"@type\":\"SearchAction\",\"target\":{\"@type\":\"EntryPoint\",\"urlTemplate\":\"https:\/\/baghall.se\/en\/?s={search_term_string}\"},\"query-input\":{\"@type\":\"PropertyValueSpecification\",\"valueRequired\":true,\"valueName\":\"search_term_string\"}}],\"inLanguage\":\"en-US\"},{\"@type\":\"Organization\",\"@id\":\"https:\/\/baghall.se\/en\/#organization\",\"name\":\"Furab AB\",\"url\":\"https:\/\/baghall.se\/en\/\",\"logo\":{\"@type\":\"ImageObject\",\"inLanguage\":\"en-US\",\"@id\":\"https:\/\/baghall.se\/en\/#\/schema\/logo\/image\/\",\"url\":\"http:\/\/baghall.se\/wp-content\/uploads\/2020\/01\/FURAB-AB.png\",\"contentUrl\":\"http:\/\/baghall.se\/wp-content\/uploads\/2020\/01\/FURAB-AB.png\",\"width\":2047,\"height\":632,\"caption\":\"Furab AB\"},\"image\":{\"@id\":\"https:\/\/baghall.se\/en\/#\/schema\/logo\/image\/\"},\"sameAs\":[\"https:\/\/www.facebook.com\/furabfodersystem\/\"]}]}<\/script>\n<!-- \/ Yoast SEO plugin. -->","yoast_head_json":{"title":"B\u00e5ghall MINI - B\u00e5ghall","robots":{"index":"index","follow":"follow","max-snippet":"max-snippet:-1","max-image-preview":"max-image-preview:large","max-video-preview":"max-video-preview:-1"},"canonical":"https:\/\/baghall.se\/en\/produkt\/baghall-stationar-barrgron-kopia\/","og_locale":"en_US","og_type":"article","og_title":"B\u00e5ghall MINI - B\u00e5ghall","og_description":"Sturdy arc hall standing on a galvanized base construction. Functions excellently as wind protection or shelter for calves, pigs, or sheep. Straight walls allow the area to be utilized optimally and fully. The hall can easily be extended \/ connected where several mini arc halls form a long hall. The hall is manufactured in our [&hellip;]","og_url":"https:\/\/baghall.se\/en\/produkt\/baghall-stationar-barrgron-kopia\/","og_site_name":"B\u00e5ghall","article_publisher":"https:\/\/www.facebook.com\/furabfodersystem\/","article_modified_time":"2024-03-05T07:35:53+00:00","og_image":[{"width":1368,"height":998,"url":"http:\/\/baghall.se\/wp-content\/uploads\/2024\/02\/Baghall-mini-6.jpg","type":"image\/jpeg"}],"twitter_card":"summary_large_image","twitter_misc":{"Est. reading time":"1 minute"},"schema":{"@context":"https:\/\/schema.org","@graph":[{"@type":"WebPage","@id":"https:\/\/baghall.se\/en\/produkt\/baghall-stationar-barrgron-kopia\/","url":"https:\/\/baghall.se\/en\/produkt\/baghall-stationar-barrgron-kopia\/","name":"B\u00e5ghall MINI - B\u00e5ghall","isPartOf":{"@id":"https:\/\/baghall.se\/en\/#website"},"primaryImageOfPage":{"@id":"https:\/\/baghall.se\/en\/produkt\/baghall-stationar-barrgron-kopia\/#primaryimage"},"image":{"@id":"https:\/\/baghall.se\/en\/produkt\/baghall-stationar-barrgron-kopia\/#primaryimage"},"thumbnailUrl":"https:\/\/baghall.se\/wp-content\/uploads\/2024\/02\/MINI2024-scaled.jpg","datePublished":"2024-02-06T14:57:14+00:00","dateModified":"2024-03-05T07:35:53+00:00","breadcrumb":{"@id":"https:\/\/baghall.se\/en\/produkt\/baghall-stationar-barrgron-kopia\/#breadcrumb"},"inLanguage":"en-US","potentialAction":[{"@type":"ReadAction","target":["https:\/\/baghall.se\/en\/produkt\/baghall-stationar-barrgron-kopia\/"]}]},{"@type":"ImageObject","inLanguage":"en-US","@id":"https:\/\/baghall.se\/en\/produkt\/baghall-stationar-barrgron-kopia\/#primaryimage","url":"https:\/\/baghall.se\/wp-content\/uploads\/2024\/02\/MINI2024-scaled.jpg","contentUrl":"https:\/\/baghall.se\/wp-content\/uploads\/2024\/02\/MINI2024-scaled.jpg","width":2560,"height":2091},{"@type":"BreadcrumbList","@id":"https:\/\/baghall.se\/en\/produkt\/baghall-stationar-barrgron-kopia\/#breadcrumb","itemListElement":[{"@type":"ListItem","position":1,"name":"Home","item":"https:\/\/baghall.se\/en\/"},{"@type":"ListItem","position":2,"name":"Shop","item":"https:\/\/baghall.se\/en\/shop\/"},{"@type":"ListItem","position":3,"name":"B\u00e5ghall MINI"}]},{"@type":"WebSite","@id":"https:\/\/baghall.se\/en\/#website","url":"https:\/\/baghall.se\/en\/","name":"B\u00e5ghall","description":"Flyttbara vindskydd f\u00f6r n\u00f6t, h\u00e4st och f\u00e5r","publisher":{"@id":"https:\/\/baghall.se\/en\/#organization"},"potentialAction":[{"@type":"SearchAction","target":{"@type":"EntryPoint","urlTemplate":"https:\/\/baghall.se\/en\/?s={search_term_string}"},"query-input":{"@type":"PropertyValueSpecification","valueRequired":true,"valueName":"search_term_string"}}],"inLanguage":"en-US"},{"@type":"Organization","@id":"https:\/\/baghall.se\/en\/#organization","name":"Furab AB","url":"https:\/\/baghall.se\/en\/","logo":{"@type":"ImageObject","inLanguage":"en-US","@id":"https:\/\/baghall.se\/en\/#\/schema\/logo\/image\/","url":"http:\/\/baghall.se\/wp-content\/uploads\/2020\/01\/FURAB-AB.png","contentUrl":"http:\/\/baghall.se\/wp-content\/uploads\/2020\/01\/FURAB-AB.png","width":2047,"height":632,"caption":"Furab AB"},"image":{"@id":"https:\/\/baghall.se\/en\/#\/schema\/logo\/image\/"},"sameAs":["https:\/\/www.facebook.com\/furabfodersystem\/"]}]}},"jetpack_sharing_enabled":true,"_links":{"self":[{"href":"https:\/\/baghall.se\/en\/wp-json\/wp\/v2\/product\/6595","targetHints":{"allow":["GET"]}}],"collection":[{"href":"https:\/\/baghall.se\/en\/wp-json\/wp\/v2\/product"}],"about":[{"href":"https:\/\/baghall.se\/en\/wp-json\/wp\/v2\/types\/product"}],"replies":[{"embeddable":true,"href":"https:\/\/baghall.se\/en\/wp-json\/wp\/v2\/comments?post=6595"}],"wp:featuredmedia":[{"embeddable":true,"href":"https:\/\/baghall.se\/en\/wp-json\/wp\/v2\/media\/6907"}],"wp:attachment":[{"href":"https:\/\/baghall.se\/en\/wp-json\/wp\/v2\/media?parent=6595"}],"wp:term":[{"taxonomy":"product_brand","embeddable":true,"href":"https:\/\/baghall.se\/en\/wp-json\/wp\/v2\/product_brand?post=6595"},{"taxonomy":"product_cat","embeddable":true,"href":"https:\/\/baghall.se\/en\/wp-json\/wp\/v2\/product_cat?post=6595"},{"taxonomy":"product_tag","embeddable":true,"href":"https:\/\/baghall.se\/en\/wp-json\/wp\/v2\/product_tag?post=6595"}],"curies":[{"name":"wp","href":"https:\/\/api.w.org\/{rel}","templated":true}]}}