{"id":6589,"date":"2023-02-03T16:02:34","date_gmt":"2023-02-03T15:02:34","guid":{"rendered":"https:\/\/baghall.se\/produkt\/baghall-rod-kalvpaket\/"},"modified":"2025-08-27T06:36:56","modified_gmt":"2025-08-27T04:36:56","slug":"baghall-rod-kalvpaket","status":"publish","type":"product","link":"https:\/\/baghall.se\/en\/produkt\/baghall-rod-kalvpaket\/","title":{"rendered":"B\u00e5ghall Red Calf-package"},"content":{"rendered":"<p>Sturdy free-standing hall with calf front for housing small calves. Simple and cost-effective outdoor animal housing! Our gate package includes the following equipment:<\/p>\n<ul>\n<li>1 standard hall (complete kit with one gable end).<\/li>\n<li>All steel is galvanized to ensure a long lifespan.<\/li>\n<li>4 ground stakes for secure anchoring of the hall.<\/li>\n<li>1 4.0m diagonal front calf model.<\/li>\n<li>2 gate posts with attachments suitable for direct installation on the hall (if protection with plywood sheets is desired, this is ordered separately).<\/li>\n<\/ul>\n<p>The hall stands on a robust, hot-dip galvanized base structure. Brackets for fork attachments are integrated for easy relocation in the pasture or field. It is a simple but sturdy design based on a high-profile sheet that is galvanized and painted. It works excellently as a windbreak for horses, cattle, sheep, and more, thanks to its shape with straight walls. The hall is manufactured in our workshop in Lidk\u00f6ping and is shipped throughout Sweden.<\/p>\n<p>Our halls come in three color options: red, pine green, and anthracite grey. A standard hall has the following dimensions:<\/p>\n<table border=\"1\" style=\"border-collapse: collapse; width: 100%;\">\n<tbody>\n<tr>\n<td style=\"width: 50%;\">Width<\/td>\n<td style=\"width: 50%;\">4,2 meters<\/td>\n<\/tr>\n<tr>\n<td style=\"width: 50%;\">Length<\/td>\n<td style=\"width: 50%;\">5,5 meters<\/td>\n<\/tr>\n<tr>\n<td style=\"width: 50%;\">Height<\/td>\n<td style=\"width: 50%;\">3,2 meters<\/td>\n<\/tr>\n<\/tbody>\n<\/table>\n<p>and includes load-bearing beams and one gable end. The hall can be easily extended with our extension section if more square meters are needed; one section provides a 1.3m extension.<\/p>\n","protected":false},"excerpt":{"rendered":"<p>Sturdy free-standing hall with calf front for housing small calves. Simple and cost-effective outdoor animal housing! Our gate package includes the following equipment: 1 standard hall (complete kit with one gable end). All steel is galvanized to ensure a long lifespan. 4 ground stakes for secure anchoring of the hall. 1 4.0m diagonal front calf [&hellip;]<\/p>\n","protected":false},"featured_media":6502,"comment_status":"closed","ping_status":"closed","template":"","meta":{"_acf_changed":false,"inline_featured_image":false},"product_brand":[],"product_cat":[193],"product_tag":[],"class_list":{"0":"post-6589","1":"product","2":"type-product","3":"status-publish","4":"has-post-thumbnail","6":"product_cat-not-en","8":"first","9":"instock","10":"taxable","11":"shipping-taxable","12":"purchasable","13":"product-type-simple"},"acf":[],"yoast_head":"<!-- This site is optimized with the Yoast SEO plugin v26.8 - https:\/\/yoast.com\/product\/yoast-seo-wordpress\/ -->\n<title>B\u00e5ghall Red Calf-package - B\u00e5ghall<\/title>\n<meta name=\"robots\" content=\"index, follow, max-snippet:-1, max-image-preview:large, max-video-preview:-1\" \/>\n<link rel=\"canonical\" href=\"https:\/\/baghall.se\/en\/produkt\/baghall-rod-kalvpaket\/\" \/>\n<meta property=\"og:locale\" content=\"en_US\" \/>\n<meta property=\"og:type\" content=\"article\" \/>\n<meta property=\"og:title\" content=\"B\u00e5ghall Red Calf-package - B\u00e5ghall\" \/>\n<meta property=\"og:description\" content=\"Sturdy free-standing hall with calf front for housing small calves. Simple and cost-effective outdoor animal housing! Our gate package includes the following equipment: 1 standard hall (complete kit with one gable end). All steel is galvanized to ensure a long lifespan. 4 ground stakes for secure anchoring of the hall. 1 4.0m diagonal front calf [&hellip;]\" \/>\n<meta property=\"og:url\" content=\"https:\/\/baghall.se\/en\/produkt\/baghall-rod-kalvpaket\/\" \/>\n<meta property=\"og:site_name\" content=\"B\u00e5ghall\" \/>\n<meta property=\"article:publisher\" content=\"https:\/\/www.facebook.com\/furabfodersystem\/\" \/>\n<meta property=\"article:modified_time\" content=\"2025-08-27T04:36:56+00:00\" \/>\n<meta property=\"og:image\" content=\"http:\/\/baghall.se\/wp-content\/uploads\/2023\/02\/F096C2A8-A1DF-4134-8316-CE3CC56792DB-scaled.jpeg\" \/>\n\t<meta property=\"og:image:width\" content=\"2560\" \/>\n\t<meta property=\"og:image:height\" content=\"1708\" \/>\n\t<meta property=\"og:image:type\" content=\"image\/jpeg\" \/>\n<meta name=\"twitter:card\" content=\"summary_large_image\" \/>\n<meta name=\"twitter:label1\" content=\"Est. reading time\" \/>\n\t<meta name=\"twitter:data1\" content=\"2 minutes\" \/>\n<script type=\"application\/ld+json\" class=\"yoast-schema-graph\">{\"@context\":\"https:\/\/schema.org\",\"@graph\":[{\"@type\":\"WebPage\",\"@id\":\"https:\/\/baghall.se\/en\/produkt\/baghall-rod-kalvpaket\/\",\"url\":\"https:\/\/baghall.se\/en\/produkt\/baghall-rod-kalvpaket\/\",\"name\":\"B\u00e5ghall Red Calf-package - B\u00e5ghall\",\"isPartOf\":{\"@id\":\"https:\/\/baghall.se\/en\/#website\"},\"primaryImageOfPage\":{\"@id\":\"https:\/\/baghall.se\/en\/produkt\/baghall-rod-kalvpaket\/#primaryimage\"},\"image\":{\"@id\":\"https:\/\/baghall.se\/en\/produkt\/baghall-rod-kalvpaket\/#primaryimage\"},\"thumbnailUrl\":\"https:\/\/baghall.se\/wp-content\/uploads\/2023\/02\/F096C2A8-A1DF-4134-8316-CE3CC56792DB-scaled.jpeg\",\"datePublished\":\"2023-02-03T15:02:34+00:00\",\"dateModified\":\"2025-08-27T04:36:56+00:00\",\"breadcrumb\":{\"@id\":\"https:\/\/baghall.se\/en\/produkt\/baghall-rod-kalvpaket\/#breadcrumb\"},\"inLanguage\":\"en-US\",\"potentialAction\":[{\"@type\":\"ReadAction\",\"target\":[\"https:\/\/baghall.se\/en\/produkt\/baghall-rod-kalvpaket\/\"]}]},{\"@type\":\"ImageObject\",\"inLanguage\":\"en-US\",\"@id\":\"https:\/\/baghall.se\/en\/produkt\/baghall-rod-kalvpaket\/#primaryimage\",\"url\":\"https:\/\/baghall.se\/wp-content\/uploads\/2023\/02\/F096C2A8-A1DF-4134-8316-CE3CC56792DB-scaled.jpeg\",\"contentUrl\":\"https:\/\/baghall.se\/wp-content\/uploads\/2023\/02\/F096C2A8-A1DF-4134-8316-CE3CC56792DB-scaled.jpeg\",\"width\":2560,\"height\":1708},{\"@type\":\"BreadcrumbList\",\"@id\":\"https:\/\/baghall.se\/en\/produkt\/baghall-rod-kalvpaket\/#breadcrumb\",\"itemListElement\":[{\"@type\":\"ListItem\",\"position\":1,\"name\":\"Home\",\"item\":\"https:\/\/baghall.se\/en\/\"},{\"@type\":\"ListItem\",\"position\":2,\"name\":\"Shop\",\"item\":\"https:\/\/baghall.se\/en\/shop\/\"},{\"@type\":\"ListItem\",\"position\":3,\"name\":\"B\u00e5ghall Red Calf-package\"}]},{\"@type\":\"WebSite\",\"@id\":\"https:\/\/baghall.se\/en\/#website\",\"url\":\"https:\/\/baghall.se\/en\/\",\"name\":\"B\u00e5ghall\",\"description\":\"Flyttbara vindskydd f\u00f6r n\u00f6t, h\u00e4st och f\u00e5r\",\"publisher\":{\"@id\":\"https:\/\/baghall.se\/en\/#organization\"},\"potentialAction\":[{\"@type\":\"SearchAction\",\"target\":{\"@type\":\"EntryPoint\",\"urlTemplate\":\"https:\/\/baghall.se\/en\/?s={search_term_string}\"},\"query-input\":{\"@type\":\"PropertyValueSpecification\",\"valueRequired\":true,\"valueName\":\"search_term_string\"}}],\"inLanguage\":\"en-US\"},{\"@type\":\"Organization\",\"@id\":\"https:\/\/baghall.se\/en\/#organization\",\"name\":\"Furab AB\",\"url\":\"https:\/\/baghall.se\/en\/\",\"logo\":{\"@type\":\"ImageObject\",\"inLanguage\":\"en-US\",\"@id\":\"https:\/\/baghall.se\/en\/#\/schema\/logo\/image\/\",\"url\":\"http:\/\/baghall.se\/wp-content\/uploads\/2020\/01\/FURAB-AB.png\",\"contentUrl\":\"http:\/\/baghall.se\/wp-content\/uploads\/2020\/01\/FURAB-AB.png\",\"width\":2047,\"height\":632,\"caption\":\"Furab AB\"},\"image\":{\"@id\":\"https:\/\/baghall.se\/en\/#\/schema\/logo\/image\/\"},\"sameAs\":[\"https:\/\/www.facebook.com\/furabfodersystem\/\"]}]}<\/script>\n<!-- \/ Yoast SEO plugin. -->","yoast_head_json":{"title":"B\u00e5ghall Red Calf-package - B\u00e5ghall","robots":{"index":"index","follow":"follow","max-snippet":"max-snippet:-1","max-image-preview":"max-image-preview:large","max-video-preview":"max-video-preview:-1"},"canonical":"https:\/\/baghall.se\/en\/produkt\/baghall-rod-kalvpaket\/","og_locale":"en_US","og_type":"article","og_title":"B\u00e5ghall Red Calf-package - B\u00e5ghall","og_description":"Sturdy free-standing hall with calf front for housing small calves. Simple and cost-effective outdoor animal housing! Our gate package includes the following equipment: 1 standard hall (complete kit with one gable end). All steel is galvanized to ensure a long lifespan. 4 ground stakes for secure anchoring of the hall. 1 4.0m diagonal front calf [&hellip;]","og_url":"https:\/\/baghall.se\/en\/produkt\/baghall-rod-kalvpaket\/","og_site_name":"B\u00e5ghall","article_publisher":"https:\/\/www.facebook.com\/furabfodersystem\/","article_modified_time":"2025-08-27T04:36:56+00:00","og_image":[{"width":2560,"height":1708,"url":"http:\/\/baghall.se\/wp-content\/uploads\/2023\/02\/F096C2A8-A1DF-4134-8316-CE3CC56792DB-scaled.jpeg","type":"image\/jpeg"}],"twitter_card":"summary_large_image","twitter_misc":{"Est. reading time":"2 minutes"},"schema":{"@context":"https:\/\/schema.org","@graph":[{"@type":"WebPage","@id":"https:\/\/baghall.se\/en\/produkt\/baghall-rod-kalvpaket\/","url":"https:\/\/baghall.se\/en\/produkt\/baghall-rod-kalvpaket\/","name":"B\u00e5ghall Red Calf-package - B\u00e5ghall","isPartOf":{"@id":"https:\/\/baghall.se\/en\/#website"},"primaryImageOfPage":{"@id":"https:\/\/baghall.se\/en\/produkt\/baghall-rod-kalvpaket\/#primaryimage"},"image":{"@id":"https:\/\/baghall.se\/en\/produkt\/baghall-rod-kalvpaket\/#primaryimage"},"thumbnailUrl":"https:\/\/baghall.se\/wp-content\/uploads\/2023\/02\/F096C2A8-A1DF-4134-8316-CE3CC56792DB-scaled.jpeg","datePublished":"2023-02-03T15:02:34+00:00","dateModified":"2025-08-27T04:36:56+00:00","breadcrumb":{"@id":"https:\/\/baghall.se\/en\/produkt\/baghall-rod-kalvpaket\/#breadcrumb"},"inLanguage":"en-US","potentialAction":[{"@type":"ReadAction","target":["https:\/\/baghall.se\/en\/produkt\/baghall-rod-kalvpaket\/"]}]},{"@type":"ImageObject","inLanguage":"en-US","@id":"https:\/\/baghall.se\/en\/produkt\/baghall-rod-kalvpaket\/#primaryimage","url":"https:\/\/baghall.se\/wp-content\/uploads\/2023\/02\/F096C2A8-A1DF-4134-8316-CE3CC56792DB-scaled.jpeg","contentUrl":"https:\/\/baghall.se\/wp-content\/uploads\/2023\/02\/F096C2A8-A1DF-4134-8316-CE3CC56792DB-scaled.jpeg","width":2560,"height":1708},{"@type":"BreadcrumbList","@id":"https:\/\/baghall.se\/en\/produkt\/baghall-rod-kalvpaket\/#breadcrumb","itemListElement":[{"@type":"ListItem","position":1,"name":"Home","item":"https:\/\/baghall.se\/en\/"},{"@type":"ListItem","position":2,"name":"Shop","item":"https:\/\/baghall.se\/en\/shop\/"},{"@type":"ListItem","position":3,"name":"B\u00e5ghall Red Calf-package"}]},{"@type":"WebSite","@id":"https:\/\/baghall.se\/en\/#website","url":"https:\/\/baghall.se\/en\/","name":"B\u00e5ghall","description":"Flyttbara vindskydd f\u00f6r n\u00f6t, h\u00e4st och f\u00e5r","publisher":{"@id":"https:\/\/baghall.se\/en\/#organization"},"potentialAction":[{"@type":"SearchAction","target":{"@type":"EntryPoint","urlTemplate":"https:\/\/baghall.se\/en\/?s={search_term_string}"},"query-input":{"@type":"PropertyValueSpecification","valueRequired":true,"valueName":"search_term_string"}}],"inLanguage":"en-US"},{"@type":"Organization","@id":"https:\/\/baghall.se\/en\/#organization","name":"Furab AB","url":"https:\/\/baghall.se\/en\/","logo":{"@type":"ImageObject","inLanguage":"en-US","@id":"https:\/\/baghall.se\/en\/#\/schema\/logo\/image\/","url":"http:\/\/baghall.se\/wp-content\/uploads\/2020\/01\/FURAB-AB.png","contentUrl":"http:\/\/baghall.se\/wp-content\/uploads\/2020\/01\/FURAB-AB.png","width":2047,"height":632,"caption":"Furab AB"},"image":{"@id":"https:\/\/baghall.se\/en\/#\/schema\/logo\/image\/"},"sameAs":["https:\/\/www.facebook.com\/furabfodersystem\/"]}]}},"jetpack_sharing_enabled":true,"_links":{"self":[{"href":"https:\/\/baghall.se\/en\/wp-json\/wp\/v2\/product\/6589","targetHints":{"allow":["GET"]}}],"collection":[{"href":"https:\/\/baghall.se\/en\/wp-json\/wp\/v2\/product"}],"about":[{"href":"https:\/\/baghall.se\/en\/wp-json\/wp\/v2\/types\/product"}],"replies":[{"embeddable":true,"href":"https:\/\/baghall.se\/en\/wp-json\/wp\/v2\/comments?post=6589"}],"wp:featuredmedia":[{"embeddable":true,"href":"https:\/\/baghall.se\/en\/wp-json\/wp\/v2\/media\/6502"}],"wp:attachment":[{"href":"https:\/\/baghall.se\/en\/wp-json\/wp\/v2\/media?parent=6589"}],"wp:term":[{"taxonomy":"product_brand","embeddable":true,"href":"https:\/\/baghall.se\/en\/wp-json\/wp\/v2\/product_brand?post=6589"},{"taxonomy":"product_cat","embeddable":true,"href":"https:\/\/baghall.se\/en\/wp-json\/wp\/v2\/product_cat?post=6589"},{"taxonomy":"product_tag","embeddable":true,"href":"https:\/\/baghall.se\/en\/wp-json\/wp\/v2\/product_tag?post=6589"}],"curies":[{"name":"wp","href":"https:\/\/api.w.org\/{rel}","templated":true}]}}