{"id":6583,"date":"2023-04-05T22:54:52","date_gmt":"2023-04-05T20:54:52","guid":{"rendered":"https:\/\/baghall.se\/produkt\/baghall-stationar-antricitgra\/"},"modified":"2025-08-27T06:42:09","modified_gmt":"2025-08-27T04:42:09","slug":"baghall-stationar-antricitgra","status":"publish","type":"product","link":"https:\/\/baghall.se\/en\/produkt\/baghall-stationar-antricitgra\/","title":{"rendered":"B\u00e5ghall stationary Anthracite Grey"},"content":{"rendered":"<p>Robust hut standing on a hot-dip galvanized base structure. Brackets for fastening to a base or concrete slab are included. Functions excellently as a windbreak or shelter for horses, cattle, and sheep. Straight walls allow for optimal and full utilization of the space. <span>We recommend all our customers who keep animals directly in these huts to complement with our protective enclosure package with plywood boards. This is to protect the hall and\/or the animals from possible kicks.<\/span><\/p>\n<p>The hut is manufactured in our workshop in Lidk\u00f6ping and shipped throughout Sweden. Our huts come in three color options, red, pine green and <span>anthracite gray.<\/span><\/p>\n<p>A standard hut has the following dimensions:<\/p>\n<table border=\"1\" style=\"border-collapse: collapse; width: 100%;\">\n<tbody>\n<tr>\n<td style=\"width: 50%;\">Width<\/td>\n<td style=\"width: 50%;\">4,2 meters<\/td>\n<\/tr>\n<tr>\n<td style=\"width: 50%;\">Length<\/td>\n<td style=\"width: 50%;\">5,5 meters<\/td>\n<\/tr>\n<tr>\n<td style=\"width: 50%;\">Height<\/td>\n<td style=\"width: 50%;\">3,1 meters<\/td>\n<\/tr>\n<\/tbody>\n<\/table>\n<p>and includes one gable end.<\/p>\n<p>The hut can be easily extended with our extension section, with one section providing a 1.3m extension, which is ordered separately.<\/p>\n<p>Please note that the hut is intended for stationary placement only and is not movable. If you wish to move the hut, we recommend our portable hut.<\/p>\n<p>Packaging is not included in the price.<\/p>\n","protected":false},"excerpt":{"rendered":"<p>Robust hut standing on a hot-dip galvanized base structure. Brackets for fastening to a base or concrete slab are included. Functions excellently as a windbreak or shelter for horses, cattle, and sheep. Straight walls allow for optimal and full utilization of the space. We recommend all our customers who keep animals directly in these huts [&hellip;]<\/p>\n","protected":false},"featured_media":6522,"comment_status":"closed","ping_status":"closed","template":"","meta":{"_acf_changed":false,"inline_featured_image":false},"product_brand":[],"product_cat":[191,192,193,194,195,196],"product_tag":[],"class_list":{"0":"post-6583","1":"product","2":"type-product","3":"status-publish","4":"has-post-thumbnail","6":"product_cat-sheep","7":"product_cat-hast-en","8":"product_cat-not-en","9":"product_cat-garage-en","10":"product_cat-husbil-husvagn-en","11":"product_cat-baghall-en","13":"first","14":"instock","15":"taxable","16":"shipping-taxable","17":"purchasable","18":"product-type-simple"},"acf":[],"yoast_head":"<!-- This site is optimized with the Yoast SEO plugin v26.8 - https:\/\/yoast.com\/product\/yoast-seo-wordpress\/ -->\n<title>B\u00e5ghall stationary Anthracite Grey - B\u00e5ghall<\/title>\n<meta name=\"robots\" content=\"index, follow, max-snippet:-1, max-image-preview:large, max-video-preview:-1\" \/>\n<link rel=\"canonical\" href=\"https:\/\/baghall.se\/en\/produkt\/baghall-stationar-antricitgra\/\" \/>\n<meta property=\"og:locale\" content=\"en_US\" \/>\n<meta property=\"og:type\" content=\"article\" \/>\n<meta property=\"og:title\" content=\"B\u00e5ghall stationary Anthracite Grey - B\u00e5ghall\" \/>\n<meta property=\"og:description\" content=\"Robust hut standing on a hot-dip galvanized base structure. Brackets for fastening to a base or concrete slab are included. Functions excellently as a windbreak or shelter for horses, cattle, and sheep. Straight walls allow for optimal and full utilization of the space. We recommend all our customers who keep animals directly in these huts [&hellip;]\" \/>\n<meta property=\"og:url\" content=\"https:\/\/baghall.se\/en\/produkt\/baghall-stationar-antricitgra\/\" \/>\n<meta property=\"og:site_name\" content=\"B\u00e5ghall\" \/>\n<meta property=\"article:publisher\" content=\"https:\/\/www.facebook.com\/furabfodersystem\/\" \/>\n<meta property=\"article:modified_time\" content=\"2025-08-27T04:42:09+00:00\" \/>\n<meta property=\"og:image\" content=\"http:\/\/baghall.se\/wp-content\/uploads\/2023\/06\/C5AAC825-B4DC-4D9D-B390-1C23F2A2826F-scaled.jpeg\" \/>\n\t<meta property=\"og:image:width\" content=\"2560\" \/>\n\t<meta property=\"og:image:height\" content=\"1708\" \/>\n\t<meta property=\"og:image:type\" content=\"image\/jpeg\" \/>\n<meta name=\"twitter:card\" content=\"summary_large_image\" \/>\n<meta name=\"twitter:label1\" content=\"Est. reading time\" \/>\n\t<meta name=\"twitter:data1\" content=\"2 minutes\" \/>\n<script type=\"application\/ld+json\" class=\"yoast-schema-graph\">{\"@context\":\"https:\/\/schema.org\",\"@graph\":[{\"@type\":\"WebPage\",\"@id\":\"https:\/\/baghall.se\/en\/produkt\/baghall-stationar-antricitgra\/\",\"url\":\"https:\/\/baghall.se\/en\/produkt\/baghall-stationar-antricitgra\/\",\"name\":\"B\u00e5ghall stationary Anthracite Grey - B\u00e5ghall\",\"isPartOf\":{\"@id\":\"https:\/\/baghall.se\/en\/#website\"},\"primaryImageOfPage\":{\"@id\":\"https:\/\/baghall.se\/en\/produkt\/baghall-stationar-antricitgra\/#primaryimage\"},\"image\":{\"@id\":\"https:\/\/baghall.se\/en\/produkt\/baghall-stationar-antricitgra\/#primaryimage\"},\"thumbnailUrl\":\"https:\/\/baghall.se\/wp-content\/uploads\/2023\/06\/C5AAC825-B4DC-4D9D-B390-1C23F2A2826F-scaled.jpeg\",\"datePublished\":\"2023-04-05T20:54:52+00:00\",\"dateModified\":\"2025-08-27T04:42:09+00:00\",\"breadcrumb\":{\"@id\":\"https:\/\/baghall.se\/en\/produkt\/baghall-stationar-antricitgra\/#breadcrumb\"},\"inLanguage\":\"en-US\",\"potentialAction\":[{\"@type\":\"ReadAction\",\"target\":[\"https:\/\/baghall.se\/en\/produkt\/baghall-stationar-antricitgra\/\"]}]},{\"@type\":\"ImageObject\",\"inLanguage\":\"en-US\",\"@id\":\"https:\/\/baghall.se\/en\/produkt\/baghall-stationar-antricitgra\/#primaryimage\",\"url\":\"https:\/\/baghall.se\/wp-content\/uploads\/2023\/06\/C5AAC825-B4DC-4D9D-B390-1C23F2A2826F-scaled.jpeg\",\"contentUrl\":\"https:\/\/baghall.se\/wp-content\/uploads\/2023\/06\/C5AAC825-B4DC-4D9D-B390-1C23F2A2826F-scaled.jpeg\",\"width\":2560,\"height\":1708},{\"@type\":\"BreadcrumbList\",\"@id\":\"https:\/\/baghall.se\/en\/produkt\/baghall-stationar-antricitgra\/#breadcrumb\",\"itemListElement\":[{\"@type\":\"ListItem\",\"position\":1,\"name\":\"Home\",\"item\":\"https:\/\/baghall.se\/en\/\"},{\"@type\":\"ListItem\",\"position\":2,\"name\":\"Shop\",\"item\":\"https:\/\/baghall.se\/en\/shop\/\"},{\"@type\":\"ListItem\",\"position\":3,\"name\":\"B\u00e5ghall stationary Anthracite Grey\"}]},{\"@type\":\"WebSite\",\"@id\":\"https:\/\/baghall.se\/en\/#website\",\"url\":\"https:\/\/baghall.se\/en\/\",\"name\":\"B\u00e5ghall\",\"description\":\"Flyttbara vindskydd f\u00f6r n\u00f6t, h\u00e4st och f\u00e5r\",\"publisher\":{\"@id\":\"https:\/\/baghall.se\/en\/#organization\"},\"potentialAction\":[{\"@type\":\"SearchAction\",\"target\":{\"@type\":\"EntryPoint\",\"urlTemplate\":\"https:\/\/baghall.se\/en\/?s={search_term_string}\"},\"query-input\":{\"@type\":\"PropertyValueSpecification\",\"valueRequired\":true,\"valueName\":\"search_term_string\"}}],\"inLanguage\":\"en-US\"},{\"@type\":\"Organization\",\"@id\":\"https:\/\/baghall.se\/en\/#organization\",\"name\":\"Furab AB\",\"url\":\"https:\/\/baghall.se\/en\/\",\"logo\":{\"@type\":\"ImageObject\",\"inLanguage\":\"en-US\",\"@id\":\"https:\/\/baghall.se\/en\/#\/schema\/logo\/image\/\",\"url\":\"http:\/\/baghall.se\/wp-content\/uploads\/2020\/01\/FURAB-AB.png\",\"contentUrl\":\"http:\/\/baghall.se\/wp-content\/uploads\/2020\/01\/FURAB-AB.png\",\"width\":2047,\"height\":632,\"caption\":\"Furab AB\"},\"image\":{\"@id\":\"https:\/\/baghall.se\/en\/#\/schema\/logo\/image\/\"},\"sameAs\":[\"https:\/\/www.facebook.com\/furabfodersystem\/\"]}]}<\/script>\n<!-- \/ Yoast SEO plugin. -->","yoast_head_json":{"title":"B\u00e5ghall stationary Anthracite Grey - B\u00e5ghall","robots":{"index":"index","follow":"follow","max-snippet":"max-snippet:-1","max-image-preview":"max-image-preview:large","max-video-preview":"max-video-preview:-1"},"canonical":"https:\/\/baghall.se\/en\/produkt\/baghall-stationar-antricitgra\/","og_locale":"en_US","og_type":"article","og_title":"B\u00e5ghall stationary Anthracite Grey - B\u00e5ghall","og_description":"Robust hut standing on a hot-dip galvanized base structure. Brackets for fastening to a base or concrete slab are included. Functions excellently as a windbreak or shelter for horses, cattle, and sheep. Straight walls allow for optimal and full utilization of the space. We recommend all our customers who keep animals directly in these huts [&hellip;]","og_url":"https:\/\/baghall.se\/en\/produkt\/baghall-stationar-antricitgra\/","og_site_name":"B\u00e5ghall","article_publisher":"https:\/\/www.facebook.com\/furabfodersystem\/","article_modified_time":"2025-08-27T04:42:09+00:00","og_image":[{"width":2560,"height":1708,"url":"http:\/\/baghall.se\/wp-content\/uploads\/2023\/06\/C5AAC825-B4DC-4D9D-B390-1C23F2A2826F-scaled.jpeg","type":"image\/jpeg"}],"twitter_card":"summary_large_image","twitter_misc":{"Est. reading time":"2 minutes"},"schema":{"@context":"https:\/\/schema.org","@graph":[{"@type":"WebPage","@id":"https:\/\/baghall.se\/en\/produkt\/baghall-stationar-antricitgra\/","url":"https:\/\/baghall.se\/en\/produkt\/baghall-stationar-antricitgra\/","name":"B\u00e5ghall stationary Anthracite Grey - B\u00e5ghall","isPartOf":{"@id":"https:\/\/baghall.se\/en\/#website"},"primaryImageOfPage":{"@id":"https:\/\/baghall.se\/en\/produkt\/baghall-stationar-antricitgra\/#primaryimage"},"image":{"@id":"https:\/\/baghall.se\/en\/produkt\/baghall-stationar-antricitgra\/#primaryimage"},"thumbnailUrl":"https:\/\/baghall.se\/wp-content\/uploads\/2023\/06\/C5AAC825-B4DC-4D9D-B390-1C23F2A2826F-scaled.jpeg","datePublished":"2023-04-05T20:54:52+00:00","dateModified":"2025-08-27T04:42:09+00:00","breadcrumb":{"@id":"https:\/\/baghall.se\/en\/produkt\/baghall-stationar-antricitgra\/#breadcrumb"},"inLanguage":"en-US","potentialAction":[{"@type":"ReadAction","target":["https:\/\/baghall.se\/en\/produkt\/baghall-stationar-antricitgra\/"]}]},{"@type":"ImageObject","inLanguage":"en-US","@id":"https:\/\/baghall.se\/en\/produkt\/baghall-stationar-antricitgra\/#primaryimage","url":"https:\/\/baghall.se\/wp-content\/uploads\/2023\/06\/C5AAC825-B4DC-4D9D-B390-1C23F2A2826F-scaled.jpeg","contentUrl":"https:\/\/baghall.se\/wp-content\/uploads\/2023\/06\/C5AAC825-B4DC-4D9D-B390-1C23F2A2826F-scaled.jpeg","width":2560,"height":1708},{"@type":"BreadcrumbList","@id":"https:\/\/baghall.se\/en\/produkt\/baghall-stationar-antricitgra\/#breadcrumb","itemListElement":[{"@type":"ListItem","position":1,"name":"Home","item":"https:\/\/baghall.se\/en\/"},{"@type":"ListItem","position":2,"name":"Shop","item":"https:\/\/baghall.se\/en\/shop\/"},{"@type":"ListItem","position":3,"name":"B\u00e5ghall stationary Anthracite Grey"}]},{"@type":"WebSite","@id":"https:\/\/baghall.se\/en\/#website","url":"https:\/\/baghall.se\/en\/","name":"B\u00e5ghall","description":"Flyttbara vindskydd f\u00f6r n\u00f6t, h\u00e4st och f\u00e5r","publisher":{"@id":"https:\/\/baghall.se\/en\/#organization"},"potentialAction":[{"@type":"SearchAction","target":{"@type":"EntryPoint","urlTemplate":"https:\/\/baghall.se\/en\/?s={search_term_string}"},"query-input":{"@type":"PropertyValueSpecification","valueRequired":true,"valueName":"search_term_string"}}],"inLanguage":"en-US"},{"@type":"Organization","@id":"https:\/\/baghall.se\/en\/#organization","name":"Furab AB","url":"https:\/\/baghall.se\/en\/","logo":{"@type":"ImageObject","inLanguage":"en-US","@id":"https:\/\/baghall.se\/en\/#\/schema\/logo\/image\/","url":"http:\/\/baghall.se\/wp-content\/uploads\/2020\/01\/FURAB-AB.png","contentUrl":"http:\/\/baghall.se\/wp-content\/uploads\/2020\/01\/FURAB-AB.png","width":2047,"height":632,"caption":"Furab AB"},"image":{"@id":"https:\/\/baghall.se\/en\/#\/schema\/logo\/image\/"},"sameAs":["https:\/\/www.facebook.com\/furabfodersystem\/"]}]}},"jetpack_sharing_enabled":true,"_links":{"self":[{"href":"https:\/\/baghall.se\/en\/wp-json\/wp\/v2\/product\/6583","targetHints":{"allow":["GET"]}}],"collection":[{"href":"https:\/\/baghall.se\/en\/wp-json\/wp\/v2\/product"}],"about":[{"href":"https:\/\/baghall.se\/en\/wp-json\/wp\/v2\/types\/product"}],"replies":[{"embeddable":true,"href":"https:\/\/baghall.se\/en\/wp-json\/wp\/v2\/comments?post=6583"}],"wp:featuredmedia":[{"embeddable":true,"href":"https:\/\/baghall.se\/en\/wp-json\/wp\/v2\/media\/6522"}],"wp:attachment":[{"href":"https:\/\/baghall.se\/en\/wp-json\/wp\/v2\/media?parent=6583"}],"wp:term":[{"taxonomy":"product_brand","embeddable":true,"href":"https:\/\/baghall.se\/en\/wp-json\/wp\/v2\/product_brand?post=6583"},{"taxonomy":"product_cat","embeddable":true,"href":"https:\/\/baghall.se\/en\/wp-json\/wp\/v2\/product_cat?post=6583"},{"taxonomy":"product_tag","embeddable":true,"href":"https:\/\/baghall.se\/en\/wp-json\/wp\/v2\/product_tag?post=6583"}],"curies":[{"name":"wp","href":"https:\/\/api.w.org\/{rel}","templated":true}]}}