{"id":6727,"date":"2024-01-05T09:58:50","date_gmt":"2024-01-05T08:58:50","guid":{"rendered":"https:\/\/baghall.se\/monteringsanvisning\/"},"modified":"2024-03-20T10:51:52","modified_gmt":"2024-03-20T09:51:52","slug":"monteringsanvisning","status":"publish","type":"page","link":"https:\/\/baghall.se\/en\/monteringsanvisning\/","title":{"rendered":"Assembly Instructions"},"content":{"rendered":"","protected":false},"excerpt":{"rendered":"","protected":false},"author":2,"featured_media":0,"parent":0,"menu_order":7,"comment_status":"closed","ping_status":"closed","template":"","meta":{"_acf_changed":false,"inline_featured_image":false,"footnotes":""},"class_list":["post-6727","page","type-page","status-publish","hentry"],"acf":[],"yoast_head":"<!-- This site is optimized with the Yoast SEO plugin v26.8 - https:\/\/yoast.com\/product\/yoast-seo-wordpress\/ -->\n<title>Om oss p\u00e5 B\u00e5ghall i Lidk\u00f6ping - en del av FURAB<\/title>\n<meta name=\"description\" content=\"Om oss p\u00e5 B\u00e5ghall i Lidk\u00f6ping. Vi erbjuder flyttbara och enklare ligghallar i svensk kvalit\u00e9, utvecklad f\u00f6r skandinaviskt klimat.\" \/>\n<meta name=\"robots\" content=\"index, follow, max-snippet:-1, max-image-preview:large, max-video-preview:-1\" \/>\n<link rel=\"canonical\" href=\"https:\/\/baghall.se\/en\/monteringsanvisning\/\" \/>\n<meta property=\"og:locale\" content=\"en_US\" \/>\n<meta property=\"og:type\" content=\"article\" \/>\n<meta property=\"og:title\" content=\"Om oss p\u00e5 B\u00e5ghall i Lidk\u00f6ping - en del av FURAB\" \/>\n<meta property=\"og:description\" content=\"Om oss p\u00e5 B\u00e5ghall i Lidk\u00f6ping. Vi erbjuder flyttbara och enklare ligghallar i svensk kvalit\u00e9, utvecklad f\u00f6r skandinaviskt klimat.\" \/>\n<meta property=\"og:url\" content=\"https:\/\/baghall.se\/en\/monteringsanvisning\/\" \/>\n<meta property=\"og:site_name\" content=\"B\u00e5ghall\" \/>\n<meta property=\"article:publisher\" content=\"https:\/\/www.facebook.com\/furabfodersystem\/\" \/>\n<meta property=\"article:modified_time\" content=\"2024-03-20T09:51:52+00:00\" \/>\n<meta name=\"twitter:card\" content=\"summary_large_image\" \/>\n<meta name=\"twitter:label1\" content=\"Est. reading time\" \/>\n\t<meta name=\"twitter:data1\" content=\"3 minutes\" \/>\n<script type=\"application\/ld+json\" class=\"yoast-schema-graph\">{\"@context\":\"https:\/\/schema.org\",\"@graph\":[{\"@type\":\"WebPage\",\"@id\":\"https:\/\/baghall.se\/en\/monteringsanvisning\/\",\"url\":\"https:\/\/baghall.se\/en\/monteringsanvisning\/\",\"name\":\"Om oss p\u00e5 B\u00e5ghall i Lidk\u00f6ping - en del av FURAB\",\"isPartOf\":{\"@id\":\"https:\/\/baghall.se\/en\/#website\"},\"datePublished\":\"2024-01-05T08:58:50+00:00\",\"dateModified\":\"2024-03-20T09:51:52+00:00\",\"description\":\"Om oss p\u00e5 B\u00e5ghall i Lidk\u00f6ping. Vi erbjuder flyttbara och enklare ligghallar i svensk kvalit\u00e9, utvecklad f\u00f6r skandinaviskt klimat.\",\"breadcrumb\":{\"@id\":\"https:\/\/baghall.se\/en\/monteringsanvisning\/#breadcrumb\"},\"inLanguage\":\"en-US\",\"potentialAction\":[{\"@type\":\"ReadAction\",\"target\":[\"https:\/\/baghall.se\/en\/monteringsanvisning\/\"]}]},{\"@type\":\"BreadcrumbList\",\"@id\":\"https:\/\/baghall.se\/en\/monteringsanvisning\/#breadcrumb\",\"itemListElement\":[{\"@type\":\"ListItem\",\"position\":1,\"name\":\"Home\",\"item\":\"https:\/\/baghall.se\/en\/\"},{\"@type\":\"ListItem\",\"position\":2,\"name\":\"Assembly Instructions\"}]},{\"@type\":\"WebSite\",\"@id\":\"https:\/\/baghall.se\/en\/#website\",\"url\":\"https:\/\/baghall.se\/en\/\",\"name\":\"B\u00e5ghall\",\"description\":\"Flyttbara vindskydd f\u00f6r n\u00f6t, h\u00e4st och f\u00e5r\",\"publisher\":{\"@id\":\"https:\/\/baghall.se\/en\/#organization\"},\"potentialAction\":[{\"@type\":\"SearchAction\",\"target\":{\"@type\":\"EntryPoint\",\"urlTemplate\":\"https:\/\/baghall.se\/en\/?s={search_term_string}\"},\"query-input\":{\"@type\":\"PropertyValueSpecification\",\"valueRequired\":true,\"valueName\":\"search_term_string\"}}],\"inLanguage\":\"en-US\"},{\"@type\":\"Organization\",\"@id\":\"https:\/\/baghall.se\/en\/#organization\",\"name\":\"Furab AB\",\"url\":\"https:\/\/baghall.se\/en\/\",\"logo\":{\"@type\":\"ImageObject\",\"inLanguage\":\"en-US\",\"@id\":\"https:\/\/baghall.se\/en\/#\/schema\/logo\/image\/\",\"url\":\"http:\/\/baghall.se\/wp-content\/uploads\/2020\/01\/FURAB-AB.png\",\"contentUrl\":\"http:\/\/baghall.se\/wp-content\/uploads\/2020\/01\/FURAB-AB.png\",\"width\":2047,\"height\":632,\"caption\":\"Furab AB\"},\"image\":{\"@id\":\"https:\/\/baghall.se\/en\/#\/schema\/logo\/image\/\"},\"sameAs\":[\"https:\/\/www.facebook.com\/furabfodersystem\/\"]}]}<\/script>\n<!-- \/ Yoast SEO plugin. -->","yoast_head_json":{"title":"Om oss p\u00e5 B\u00e5ghall i Lidk\u00f6ping - en del av FURAB","description":"Om oss p\u00e5 B\u00e5ghall i Lidk\u00f6ping. Vi erbjuder flyttbara och enklare ligghallar i svensk kvalit\u00e9, utvecklad f\u00f6r skandinaviskt klimat.","robots":{"index":"index","follow":"follow","max-snippet":"max-snippet:-1","max-image-preview":"max-image-preview:large","max-video-preview":"max-video-preview:-1"},"canonical":"https:\/\/baghall.se\/en\/monteringsanvisning\/","og_locale":"en_US","og_type":"article","og_title":"Om oss p\u00e5 B\u00e5ghall i Lidk\u00f6ping - en del av FURAB","og_description":"Om oss p\u00e5 B\u00e5ghall i Lidk\u00f6ping. Vi erbjuder flyttbara och enklare ligghallar i svensk kvalit\u00e9, utvecklad f\u00f6r skandinaviskt klimat.","og_url":"https:\/\/baghall.se\/en\/monteringsanvisning\/","og_site_name":"B\u00e5ghall","article_publisher":"https:\/\/www.facebook.com\/furabfodersystem\/","article_modified_time":"2024-03-20T09:51:52+00:00","twitter_card":"summary_large_image","twitter_misc":{"Est. reading time":"3 minutes"},"schema":{"@context":"https:\/\/schema.org","@graph":[{"@type":"WebPage","@id":"https:\/\/baghall.se\/en\/monteringsanvisning\/","url":"https:\/\/baghall.se\/en\/monteringsanvisning\/","name":"Om oss p\u00e5 B\u00e5ghall i Lidk\u00f6ping - en del av FURAB","isPartOf":{"@id":"https:\/\/baghall.se\/en\/#website"},"datePublished":"2024-01-05T08:58:50+00:00","dateModified":"2024-03-20T09:51:52+00:00","description":"Om oss p\u00e5 B\u00e5ghall i Lidk\u00f6ping. Vi erbjuder flyttbara och enklare ligghallar i svensk kvalit\u00e9, utvecklad f\u00f6r skandinaviskt klimat.","breadcrumb":{"@id":"https:\/\/baghall.se\/en\/monteringsanvisning\/#breadcrumb"},"inLanguage":"en-US","potentialAction":[{"@type":"ReadAction","target":["https:\/\/baghall.se\/en\/monteringsanvisning\/"]}]},{"@type":"BreadcrumbList","@id":"https:\/\/baghall.se\/en\/monteringsanvisning\/#breadcrumb","itemListElement":[{"@type":"ListItem","position":1,"name":"Home","item":"https:\/\/baghall.se\/en\/"},{"@type":"ListItem","position":2,"name":"Assembly Instructions"}]},{"@type":"WebSite","@id":"https:\/\/baghall.se\/en\/#website","url":"https:\/\/baghall.se\/en\/","name":"B\u00e5ghall","description":"Flyttbara vindskydd f\u00f6r n\u00f6t, h\u00e4st och f\u00e5r","publisher":{"@id":"https:\/\/baghall.se\/en\/#organization"},"potentialAction":[{"@type":"SearchAction","target":{"@type":"EntryPoint","urlTemplate":"https:\/\/baghall.se\/en\/?s={search_term_string}"},"query-input":{"@type":"PropertyValueSpecification","valueRequired":true,"valueName":"search_term_string"}}],"inLanguage":"en-US"},{"@type":"Organization","@id":"https:\/\/baghall.se\/en\/#organization","name":"Furab AB","url":"https:\/\/baghall.se\/en\/","logo":{"@type":"ImageObject","inLanguage":"en-US","@id":"https:\/\/baghall.se\/en\/#\/schema\/logo\/image\/","url":"http:\/\/baghall.se\/wp-content\/uploads\/2020\/01\/FURAB-AB.png","contentUrl":"http:\/\/baghall.se\/wp-content\/uploads\/2020\/01\/FURAB-AB.png","width":2047,"height":632,"caption":"Furab AB"},"image":{"@id":"https:\/\/baghall.se\/en\/#\/schema\/logo\/image\/"},"sameAs":["https:\/\/www.facebook.com\/furabfodersystem\/"]}]}},"jetpack_sharing_enabled":true,"_links":{"self":[{"href":"https:\/\/baghall.se\/en\/wp-json\/wp\/v2\/pages\/6727","targetHints":{"allow":["GET"]}}],"collection":[{"href":"https:\/\/baghall.se\/en\/wp-json\/wp\/v2\/pages"}],"about":[{"href":"https:\/\/baghall.se\/en\/wp-json\/wp\/v2\/types\/page"}],"author":[{"embeddable":true,"href":"https:\/\/baghall.se\/en\/wp-json\/wp\/v2\/users\/2"}],"replies":[{"embeddable":true,"href":"https:\/\/baghall.se\/en\/wp-json\/wp\/v2\/comments?post=6727"}],"version-history":[{"count":7,"href":"https:\/\/baghall.se\/en\/wp-json\/wp\/v2\/pages\/6727\/revisions"}],"predecessor-version":[{"id":6823,"href":"https:\/\/baghall.se\/en\/wp-json\/wp\/v2\/pages\/6727\/revisions\/6823"}],"wp:attachment":[{"href":"https:\/\/baghall.se\/en\/wp-json\/wp\/v2\/media?parent=6727"}],"curies":[{"name":"wp","href":"https:\/\/api.w.org\/{rel}","templated":true}]}}